{"id":111,"date":"2024-03-14T14:53:05","date_gmt":"2024-03-14T14:53:05","guid":{"rendered":"https:\/\/hermandadsacramentalespartinas.es\/?page_id=111"},"modified":"2024-03-16T19:17:35","modified_gmt":"2024-03-16T19:17:35","slug":"contacto","status":"publish","type":"page","link":"https:\/\/hermandadsacramentalespartinas.es\/?page_id=111","title":{"rendered":"CONTACTO"},"content":{"rendered":"\t\t<div data-elementor-type=\"wp-page\" data-elementor-id=\"111\" class=\"elementor elementor-111\" data-elementor-post-type=\"page\">\n\t\t\t\t<div class=\"elementor-element elementor-element-47ccfbb e-flex e-con-boxed e-con e-parent\" data-id=\"47ccfbb\" data-element_type=\"container\" data-e-type=\"container\">\n\t\t\t\t\t<div class=\"e-con-inner\">\n\t\t\t\t<div class=\"elementor-element elementor-element-f941fed elementor-widget elementor-widget-text-editor\" data-id=\"f941fed\" data-element_type=\"widget\" data-e-type=\"widget\" data-widget_type=\"text-editor.default\">\n\t\t\t\t<div class=\"elementor-widget-container\">\n\t\t\t\t\t\t\t\t\t<h3><strong>Correo electr\u00f3nico<\/strong><\/h3><p>Si desea enviar sus sugerencias o comentarios puede hacerlo a trav\u00e9s de correo electr\u00f3nico.\u00a0<\/p><ul><li><p><a href=\"mailto:sacramentalespartinas@gmail.com\">sacramentalespartinas@gmail.com<\/a><\/p><\/li><\/ul><h3>\u00a0<\/h3><h3><strong>Direcci\u00f3n Postal<\/strong><\/h3><p>Tambi\u00e9n puede dirigirse a la Hermandad por medio de carta escribiendo a la siguiente direcci\u00f3n.<\/p><p><strong>Hermandad de Sacramental<\/strong><br \/>Avda. Mar\u00eda Luisa Dom\u00ednguez y P\u00e9rez de Vargas, s\/n<\/p><p>41807 &#8211; Espartinas, SEVILLA<br \/>Espa\u00f1a\u00a0 \u00a0<\/p><p>\u00a0 \u00a0 \u00a0 \u00a0 \u00a0 \u00a0 \u00a0 \u00a0 \u00a0 \u00a0 \u00a0 \u00a0 \u00a0 \u00a0 \u00a0 \u00a0\u00a0<\/p><h3><strong>Tel\u00e9fono<\/strong><\/h3><p>Si lo que desea es dirigirse a la Hermandad por tel\u00e9fono tiene a su disposici\u00f3n un n\u00famero de tel\u00e9fono en el que estaremos encantado en atenderte:<\/p><p>Tel\u00e9fono: (+34) 681 966 791<\/p>\t\t\t\t\t\t\t\t<\/div>\n\t\t\t\t<\/div>\n\t\t\t\t\t<\/div>\n\t\t\t\t<\/div>\n\t\t\t\t<\/div>\n\t\t","protected":false},"excerpt":{"rendered":"<p>Correo electr\u00f3nico Si desea enviar sus sugerencias o comentarios puede hacerlo a trav\u00e9s de correo electr\u00f3nico.\u00a0 sacramentalespartinas@gmail.com \u00a0 Direcci\u00f3n Postal Tambi\u00e9n puede dirigirse a la Hermandad por medio de carta escribiendo a la siguiente direcci\u00f3n. Hermandad de SacramentalAvda. Mar\u00eda Luisa Dom\u00ednguez y P\u00e9rez de Vargas, s\/n 41807 &#8211; Espartinas, SEVILLAEspa\u00f1a\u00a0 \u00a0 \u00a0 \u00a0 \u00a0 \u00a0 [&hellip;]<\/p>\n","protected":false},"author":2,"featured_media":0,"parent":0,"menu_order":0,"comment_status":"closed","ping_status":"closed","template":"","meta":{"site-sidebar-layout":"default","site-content-layout":"","ast-site-content-layout":"default","site-content-style":"default","site-sidebar-style":"default","ast-global-header-display":"","ast-banner-title-visibility":"","ast-main-header-display":"","ast-hfb-above-header-display":"","ast-hfb-below-header-display":"","ast-hfb-mobile-header-display":"","site-post-title":"","ast-breadcrumbs-content":"","ast-featured-img":"","footer-sml-layout":"","ast-disable-related-posts":"","theme-transparent-header-meta":"","adv-header-id-meta":"","stick-header-meta":"","header-above-stick-meta":"","header-main-stick-meta":"","header-below-stick-meta":"","astra-migrate-meta-layouts":"default","ast-page-background-enabled":"default","ast-page-background-meta":{"desktop":{"background-color":"var(--ast-global-color-4)","background-image":"","background-repeat":"repeat","background-position":"center center","background-size":"auto","background-attachment":"scroll","background-type":"","background-media":"","overlay-type":"","overlay-color":"","overlay-opacity":"","overlay-gradient":""},"tablet":{"background-color":"","background-image":"","background-repeat":"repeat","background-position":"center center","background-size":"auto","background-attachment":"scroll","background-type":"","background-media":"","overlay-type":"","overlay-color":"","overlay-opacity":"","overlay-gradient":""},"mobile":{"background-color":"","background-image":"","background-repeat":"repeat","background-position":"center center","background-size":"auto","background-attachment":"scroll","background-type":"","background-media":"","overlay-type":"","overlay-color":"","overlay-opacity":"","overlay-gradient":""}},"ast-content-background-meta":{"desktop":{"background-color":"var(--ast-global-color-5)","background-image":"","background-repeat":"repeat","background-position":"center center","background-size":"auto","background-attachment":"scroll","background-type":"","background-media":"","overlay-type":"","overlay-color":"","overlay-opacity":"","overlay-gradient":""},"tablet":{"background-color":"var(--ast-global-color-5)","background-image":"","background-repeat":"repeat","background-position":"center center","background-size":"auto","background-attachment":"scroll","background-type":"","background-media":"","overlay-type":"","overlay-color":"","overlay-opacity":"","overlay-gradient":""},"mobile":{"background-color":"var(--ast-global-color-5)","background-image":"","background-repeat":"repeat","background-position":"center center","background-size":"auto","background-attachment":"scroll","background-type":"","background-media":"","overlay-type":"","overlay-color":"","overlay-opacity":"","overlay-gradient":""}},"footnotes":""},"class_list":["post-111","page","type-page","status-publish","hentry"],"_links":{"self":[{"href":"https:\/\/hermandadsacramentalespartinas.es\/index.php?rest_route=\/wp\/v2\/pages\/111","targetHints":{"allow":["GET"]}}],"collection":[{"href":"https:\/\/hermandadsacramentalespartinas.es\/index.php?rest_route=\/wp\/v2\/pages"}],"about":[{"href":"https:\/\/hermandadsacramentalespartinas.es\/index.php?rest_route=\/wp\/v2\/types\/page"}],"author":[{"embeddable":true,"href":"https:\/\/hermandadsacramentalespartinas.es\/index.php?rest_route=\/wp\/v2\/users\/2"}],"replies":[{"embeddable":true,"href":"https:\/\/hermandadsacramentalespartinas.es\/index.php?rest_route=%2Fwp%2Fv2%2Fcomments&post=111"}],"version-history":[{"count":8,"href":"https:\/\/hermandadsacramentalespartinas.es\/index.php?rest_route=\/wp\/v2\/pages\/111\/revisions"}],"predecessor-version":[{"id":478,"href":"https:\/\/hermandadsacramentalespartinas.es\/index.php?rest_route=\/wp\/v2\/pages\/111\/revisions\/478"}],"wp:attachment":[{"href":"https:\/\/hermandadsacramentalespartinas.es\/index.php?rest_route=%2Fwp%2Fv2%2Fmedia&parent=111"}],"curies":[{"name":"wp","href":"https:\/\/api.w.org\/{rel}","templated":true}]}}