{"id":124,"date":"2024-03-14T15:16:07","date_gmt":"2024-03-14T15:16:07","guid":{"rendered":"https:\/\/hermandadsacramentalespartinas.es\/?page_id=124"},"modified":"2024-03-16T15:40:55","modified_gmt":"2024-03-16T15:40:55","slug":"historia","status":"publish","type":"page","link":"https:\/\/hermandadsacramentalespartinas.es\/?page_id=124","title":{"rendered":"Historia"},"content":{"rendered":"\t\t<div data-elementor-type=\"wp-page\" data-elementor-id=\"124\" class=\"elementor elementor-124\" data-elementor-post-type=\"page\">\n\t\t\t\t<div class=\"elementor-element elementor-element-04746d6 e-flex e-con-boxed e-con e-parent\" data-id=\"04746d6\" data-element_type=\"container\" data-e-type=\"container\">\n\t\t\t\t\t<div class=\"e-con-inner\">\n\t\t\t\t\t<\/div>\n\t\t\t\t<\/div>\n\t\t<div class=\"elementor-element elementor-element-1a7c8c3 e-flex e-con-boxed e-con e-parent\" data-id=\"1a7c8c3\" data-element_type=\"container\" data-e-type=\"container\">\n\t\t\t\t\t<div class=\"e-con-inner\">\n\t\t\t\t<div class=\"elementor-element elementor-element-581e030 elementor-widget elementor-widget-text-editor\" data-id=\"581e030\" data-element_type=\"widget\" data-e-type=\"widget\" data-widget_type=\"text-editor.default\">\n\t\t\t\t<div class=\"elementor-widget-container\">\n\t\t\t\t\t\t\t\t\t<p>Se conocen pocos datos de la Hermandad fundada el 13 de septiembre de 1726, y cuyas primitivas Reglas, compuestas por treinta y un cap\u00edtulos, fueron censuradas por D. Francisco S\u00e1enz Hurtado, Fiscal General de Sevilla, y aprobadas por D. Antonio Fern\u00e1ndez Rajo, Can\u00f3nigo Provisor y Vicario General de la ciudad de Sevilla. En dichas Reglas se hace referencia al comportamiento que deb\u00edan observar sus Hermanos, la forma y condiciones para ingresar en la misma, sus cargos y obligaciones, Ios cultos que deb\u00eda celebrar, y los cabildos por los cuales se deb\u00eda regir.<\/p><p>Desde esa fecha y hasta el siglo XX la vida de la Hermandad es pr\u00e1cticamente nula y el vac\u00edo documental es absoluto. Ya en el siglo XX se tienen noticias de la redacci\u00f3n de unas Reglas basadas en las del siglo XVIII, pero estas Reglas no llegaron nunca a probarse.<\/p><p>Tras el alzamiento nacional de 1936 algunos antiguos Hermanos de Espartinas, contando con el celo y la labor apost\u00f3lica de los Padres Franciscanos del Monasterio de Nuestra Se\u00f1ora de Loreto, reformaron los reglamentos de 1726 y el de la Segunda Rep\u00fablica.<\/p><p>Fruto de ello fueron unas nuevas Reglas que se aprobaron en Cabildo General el 15 de junio de 1938, a la vez que la antigua Cofrad\u00eda Sacramental se uni\u00f3 con las dos devociones del municipio, la del Cristo de la Sangre y la de la Virgen de los Dolores, naciendo con ello la Hermandad Sacramental y Cofrad\u00eda de Nuestro Padre Jes\u00fas de la Sangre y Nuestra Madre Mar\u00eda Sant\u00edsima de los Dolores. Parece ser que antes de 1936 se hac\u00eda Estaci\u00f3n de Penitencia, siendo p\u00e1rroco D. Fabi\u00e1n Garc\u00eda.<\/p><p>Dos a\u00f1os despu\u00e9s, en 1941, la nueva Hermandad se inscribe en la IV Asamblea Eucar\u00edstica Diocesana celebrada el 10 al 14 de diciembre en Sevilla. A partir de aqu\u00ed se celebra como Funci\u00f3n Principal de la Hermandad el Domingo de Resurrecci\u00f3n. En 1942 se estrenan algunos enseres como algunas varas, el viril para la Custodia, el Simpecado Sacramental y la imagen del Se\u00f1or Resucitado para presidir la Octava.<\/p><p>Destacar que en 1944 procesionan el Domingo de Resurrecci\u00f3n cinco pasos; Jes\u00fas Resucitado, san Tarcisio, la Virgen de los Dolores, la Custodia y el Sant\u00edsimo bajo palio. En estos a\u00f1os la vida de la Hermandad se limita a los actos del domingo de Resurrecci\u00f3n y a los Cultos internos.<\/p><p>Pero esta situaci\u00f3n experimenta un giro radical con la nueva Junta de Gobierno elegida en el a\u00f1o 1970 y, m\u00e1s concretamente, con la inclusi\u00f3n en ella de su Secretario D. Manuel Garc\u00eda G\u00f3mez. La Cofrad\u00eda se reorganiza con los mismos titulares que en 1938 pero con diferentes t\u00edtulos, pasando a denominarse Hermandad Sacramental del Sant\u00edsimo Cristo de la Sangre y Mar\u00eda Sant\u00edsima de los Dolores. En un acta del 4 de abril de ese mismo a\u00f1o se aprueba una procesi\u00f3n penitencial de dichas im\u00e1genes el Viernes de Dolores, en la m\u00e1s rigurosa penitencia, recato, silencio y veneraci\u00f3n por la Pasi\u00f3n de Cristo y los Dolores de Mar\u00eda Sant\u00edsima.<\/p><p>Con ello se acometen los cambios y las novedades necesarias para poner todo en marcha. El 4 de abril de 1971, Martes Santo y no Viernes de Dolores como anteriormente se hab\u00eda propuesto, la Hermandad efect\u00faa su primera Estaci\u00f3n de Penitencia, procesionando el Cristo a hombros de cinco Hermanos y, escoltado por otros cuatro que portaban faroles, dos a cada lado de la cruz. La Virgen procesion\u00f3 en un paso de palio.<\/p><p>En esta d\u00e9cada de los setenta se fueron comprando los enseres necesarios con la colaboraci\u00f3n econ\u00f3mica y personal de los vecinos de Espartinas.<\/p><p>En el a\u00f1o 1973 el paso de Nuestra Se\u00f1ora de los Dolores es portado, por primera vez, por sus hermanos costaleros. El 25 de marzo de ese mismo a\u00f1o es Coronada Solemnemente en la Parroquia de Ntra. Sra. de la Asunci\u00f3n por D. Francisco Infante de Cos, con una corona regalada por sus Hermanos\/as mediante la donaci\u00f3n de joyas.<\/p><p>El 2 de diciembre de 1977 se presentaron y aprobaron en Cabildo General unas nuevas Reglas, inspiradas en las anteriores y en las Disposiciones Generales de la Iglesia y del concilio Vaticano II, en el S\u00ednodo Hispalense de 1973 y normas dictadas sobre Hermandades y Cofrad\u00edas.<\/p><p>Estas Reglas fueron aprobadas por el Arzobispado de Sevilla el 15 de marzo de 1988.<\/p><p>El 20 de junio de 1980 se aprob\u00f3 la junta juvenil, que se renov\u00f3 en octubre de 1983. A ellos se debi\u00f3 el proyecto de reunir una cuadrilla de hermanos costaleros para el Sant\u00edsimo Cristo de la Sangre, que procesion\u00f3 por primera vez, en un paso, el Martes Santo del a\u00f1o 1982.<\/p><p>La Corporaci\u00f3n Municipal reunida en pleno el 25 de septiembre de 1996 acord\u00f3 nombrar Alcaldesa Honoraria de Espartinas a Ntra. Sra. de los Dolores, para tal acontecimiento tuvo lugar una salida extraordinaria con la sagrada imagen en la que se impuso la medalla de la villa por parte del Exmo. Ayuntamiento.<\/p><p>Cabe destacar en el a\u00f1o 2006 la inauguraci\u00f3n de la finalizaci\u00f3n completa de las obras de la Casa Hermandad, la celebraci\u00f3n del XXI Encuentro de Hermandades bajo la Advocaci\u00f3n de Mar\u00eda Sant\u00edsima de los Dolores y la aprobaci\u00f3n de las actuales Reglas en el a\u00f1o 2007.<\/p>\t\t\t\t\t\t\t\t<\/div>\n\t\t\t\t<\/div>\n\t\t\t\t\t<\/div>\n\t\t\t\t<\/div>\n\t\t\t\t<\/div>\n\t\t","protected":false},"excerpt":{"rendered":"<p>Se conocen pocos datos de la Hermandad fundada el 13 de septiembre de 1726, y cuyas primitivas Reglas, compuestas por treinta y un cap\u00edtulos, fueron censuradas por D. Francisco S\u00e1enz Hurtado, Fiscal General de Sevilla, y aprobadas por D. Antonio Fern\u00e1ndez Rajo, Can\u00f3nigo Provisor y Vicario General de la ciudad de Sevilla. En dichas Reglas [&hellip;]<\/p>\n","protected":false},"author":2,"featured_media":0,"parent":0,"menu_order":0,"comment_status":"closed","ping_status":"closed","template":"","meta":{"site-sidebar-layout":"default","site-content-layout":"","ast-site-content-layout":"default","site-content-style":"default","site-sidebar-style":"default","ast-global-header-display":"","ast-banner-title-visibility":"","ast-main-header-display":"","ast-hfb-above-header-display":"","ast-hfb-below-header-display":"","ast-hfb-mobile-header-display":"","site-post-title":"","ast-breadcrumbs-content":"","ast-featured-img":"","footer-sml-layout":"","ast-disable-related-posts":"","theme-transparent-header-meta":"","adv-header-id-meta":"","stick-header-meta":"","header-above-stick-meta":"","header-main-stick-meta":"","header-below-stick-meta":"","astra-migrate-meta-layouts":"default","ast-page-background-enabled":"default","ast-page-background-meta":{"desktop":{"background-color":"var(--ast-global-color-4)","background-image":"","background-repeat":"repeat","background-position":"center center","background-size":"auto","background-attachment":"scroll","background-type":"","background-media":"","overlay-type":"","overlay-color":"","overlay-opacity":"","overlay-gradient":""},"tablet":{"background-color":"","background-image":"","background-repeat":"repeat","background-position":"center center","background-size":"auto","background-attachment":"scroll","background-type":"","background-media":"","overlay-type":"","overlay-color":"","overlay-opacity":"","overlay-gradient":""},"mobile":{"background-color":"","background-image":"","background-repeat":"repeat","background-position":"center center","background-size":"auto","background-attachment":"scroll","background-type":"","background-media":"","overlay-type":"","overlay-color":"","overlay-opacity":"","overlay-gradient":""}},"ast-content-background-meta":{"desktop":{"background-color":"var(--ast-global-color-5)","background-image":"","background-repeat":"repeat","background-position":"center center","background-size":"auto","background-attachment":"scroll","background-type":"","background-media":"","overlay-type":"","overlay-color":"","overlay-opacity":"","overlay-gradient":""},"tablet":{"background-color":"var(--ast-global-color-5)","background-image":"","background-repeat":"repeat","background-position":"center center","background-size":"auto","background-attachment":"scroll","background-type":"","background-media":"","overlay-type":"","overlay-color":"","overlay-opacity":"","overlay-gradient":""},"mobile":{"background-color":"var(--ast-global-color-5)","background-image":"","background-repeat":"repeat","background-position":"center center","background-size":"auto","background-attachment":"scroll","background-type":"","background-media":"","overlay-type":"","overlay-color":"","overlay-opacity":"","overlay-gradient":""}},"footnotes":""},"class_list":["post-124","page","type-page","status-publish","hentry"],"_links":{"self":[{"href":"https:\/\/hermandadsacramentalespartinas.es\/index.php?rest_route=\/wp\/v2\/pages\/124","targetHints":{"allow":["GET"]}}],"collection":[{"href":"https:\/\/hermandadsacramentalespartinas.es\/index.php?rest_route=\/wp\/v2\/pages"}],"about":[{"href":"https:\/\/hermandadsacramentalespartinas.es\/index.php?rest_route=\/wp\/v2\/types\/page"}],"author":[{"embeddable":true,"href":"https:\/\/hermandadsacramentalespartinas.es\/index.php?rest_route=\/wp\/v2\/users\/2"}],"replies":[{"embeddable":true,"href":"https:\/\/hermandadsacramentalespartinas.es\/index.php?rest_route=%2Fwp%2Fv2%2Fcomments&post=124"}],"version-history":[{"count":12,"href":"https:\/\/hermandadsacramentalespartinas.es\/index.php?rest_route=\/wp\/v2\/pages\/124\/revisions"}],"predecessor-version":[{"id":381,"href":"https:\/\/hermandadsacramentalespartinas.es\/index.php?rest_route=\/wp\/v2\/pages\/124\/revisions\/381"}],"wp:attachment":[{"href":"https:\/\/hermandadsacramentalespartinas.es\/index.php?rest_route=%2Fwp%2Fv2%2Fmedia&parent=124"}],"curies":[{"name":"wp","href":"https:\/\/api.w.org\/{rel}","templated":true}]}}