{"id":131,"date":"2024-03-14T15:20:27","date_gmt":"2024-03-14T15:20:27","guid":{"rendered":"https:\/\/hermandadsacramentalespartinas.es\/?page_id=131"},"modified":"2024-03-14T20:10:09","modified_gmt":"2024-03-14T20:10:09","slug":"cultos-y-actividades-curso-2023","status":"publish","type":"page","link":"https:\/\/hermandadsacramentalespartinas.es\/?page_id=131","title":{"rendered":"Cultos y actividades Curso 2023"},"content":{"rendered":"\t\t<div data-elementor-type=\"wp-page\" data-elementor-id=\"131\" class=\"elementor elementor-131\" data-elementor-post-type=\"page\">\n\t\t\t\t<div class=\"elementor-element elementor-element-7d63501 e-flex e-con-boxed e-con e-parent\" data-id=\"7d63501\" data-element_type=\"container\" data-e-type=\"container\">\n\t\t\t\t\t<div class=\"e-con-inner\">\n\t\t<div class=\"elementor-element elementor-element-a287144 e-con-full e-flex e-con e-child\" data-id=\"a287144\" data-element_type=\"container\" data-e-type=\"container\">\n\t\t\t\t<div class=\"elementor-element elementor-element-a01c39c elementor-align-center elementor-widget elementor-widget-button\" data-id=\"a01c39c\" data-element_type=\"widget\" data-e-type=\"widget\" data-widget_type=\"button.default\">\n\t\t\t\t<div class=\"elementor-widget-container\">\n\t\t\t\t\t\t\t\t\t<div class=\"elementor-button-wrapper\">\n\t\t\t\t\t<a class=\"elementor-button elementor-button-link elementor-size-sm\" href=\"#\">\n\t\t\t\t\t\t<span class=\"elementor-button-content-wrapper\">\n\t\t\t\t\t\t\t\t\t<span class=\"elementor-button-text\">Enero<\/span>\n\t\t\t\t\t<\/span>\n\t\t\t\t\t<\/a>\n\t\t\t\t<\/div>\n\t\t\t\t\t\t\t\t<\/div>\n\t\t\t\t<\/div>\n\t\t\t\t<\/div>\n\t\t<div class=\"elementor-element elementor-element-ea2d766 e-con-full e-flex e-con e-child\" data-id=\"ea2d766\" data-element_type=\"container\" data-e-type=\"container\">\n\t\t\t\t<div class=\"elementor-element elementor-element-9df1d1f elementor-widget elementor-widget-text-editor\" data-id=\"9df1d1f\" data-element_type=\"widget\" data-e-type=\"widget\" data-widget_type=\"text-editor.default\">\n\t\t\t\t<div class=\"elementor-widget-container\">\n\t\t\t\t\t\t\t\t\t<p>D\u00eda 5:<em><strong> Cabalgata Reyes Magos, finalizaci\u00f3n en nuestra Capilla.<\/strong><\/em><\/p><p>D\u00eda 14: <em><strong>Santa Misa de Hermandad<\/strong><\/em><\/p><p>D\u00eda 26: <em><strong>Cabildo General Ordinario de Cuentas y Cultos<\/strong><\/em><\/p>\t\t\t\t\t\t\t\t<\/div>\n\t\t\t\t<\/div>\n\t\t\t\t<\/div>\n\t\t\t\t\t<\/div>\n\t\t\t\t<\/div>\n\t\t<div class=\"elementor-element elementor-element-99d11fa e-flex e-con-boxed e-con e-parent\" data-id=\"99d11fa\" data-element_type=\"container\" data-e-type=\"container\">\n\t\t\t\t\t<div class=\"e-con-inner\">\n\t\t<div class=\"elementor-element elementor-element-432273a e-con-full e-flex e-con e-child\" data-id=\"432273a\" data-element_type=\"container\" data-e-type=\"container\">\n\t\t\t\t<div class=\"elementor-element elementor-element-d3e1941 elementor-align-center elementor-widget elementor-widget-button\" data-id=\"d3e1941\" data-element_type=\"widget\" data-e-type=\"widget\" data-widget_type=\"button.default\">\n\t\t\t\t<div class=\"elementor-widget-container\">\n\t\t\t\t\t\t\t\t\t<div class=\"elementor-button-wrapper\">\n\t\t\t\t\t<a class=\"elementor-button elementor-button-link elementor-size-sm\" href=\"#\">\n\t\t\t\t\t\t<span class=\"elementor-button-content-wrapper\">\n\t\t\t\t\t\t\t\t\t<span class=\"elementor-button-text\">Febrero<\/span>\n\t\t\t\t\t<\/span>\n\t\t\t\t\t<\/a>\n\t\t\t\t<\/div>\n\t\t\t\t\t\t\t\t<\/div>\n\t\t\t\t<\/div>\n\t\t\t\t<\/div>\n\t\t<div class=\"elementor-element elementor-element-a690146 e-con-full e-flex e-con e-child\" data-id=\"a690146\" data-element_type=\"container\" data-e-type=\"container\">\n\t\t\t\t<div class=\"elementor-element elementor-element-c710ed6 elementor-widget elementor-widget-text-editor\" data-id=\"c710ed6\" data-element_type=\"widget\" data-e-type=\"widget\" data-widget_type=\"text-editor.default\">\n\t\t\t\t<div class=\"elementor-widget-container\">\n\t\t\t\t\t\t\t\t\t<p>D\u00eda 18:<strong> Santa Misa de Hermandad<\/strong><\/p><p>D\u00eda 22: <strong><em>Mi\u00e9rcoles de Ceniza<\/em><\/strong><\/p><p>D\u00eda 28: <strong><em>Solemne Quinario en honor del Sant\u00edsimo Cristo de la Sangre.<\/em><\/strong><\/p>\t\t\t\t\t\t\t\t<\/div>\n\t\t\t\t<\/div>\n\t\t\t\t<\/div>\n\t\t\t\t\t<\/div>\n\t\t\t\t<\/div>\n\t\t<div class=\"elementor-element elementor-element-813bec1 e-flex e-con-boxed e-con e-parent\" data-id=\"813bec1\" data-element_type=\"container\" data-e-type=\"container\">\n\t\t\t\t\t<div class=\"e-con-inner\">\n\t\t<div class=\"elementor-element elementor-element-5d21f24 e-con-full e-flex e-con e-child\" data-id=\"5d21f24\" data-element_type=\"container\" data-e-type=\"container\">\n\t\t\t\t<div class=\"elementor-element elementor-element-7b10e14 elementor-align-center elementor-widget elementor-widget-button\" data-id=\"7b10e14\" data-element_type=\"widget\" data-e-type=\"widget\" data-widget_type=\"button.default\">\n\t\t\t\t<div class=\"elementor-widget-container\">\n\t\t\t\t\t\t\t\t\t<div class=\"elementor-button-wrapper\">\n\t\t\t\t\t<a class=\"elementor-button elementor-button-link elementor-size-sm\" href=\"#\">\n\t\t\t\t\t\t<span class=\"elementor-button-content-wrapper\">\n\t\t\t\t\t\t\t\t\t<span class=\"elementor-button-text\">Marzo<\/span>\n\t\t\t\t\t<\/span>\n\t\t\t\t\t<\/a>\n\t\t\t\t<\/div>\n\t\t\t\t\t\t\t\t<\/div>\n\t\t\t\t<\/div>\n\t\t\t\t<\/div>\n\t\t<div class=\"elementor-element elementor-element-33ba162 e-con-full e-flex e-con e-child\" data-id=\"33ba162\" data-element_type=\"container\" data-e-type=\"container\">\n\t\t\t\t<div class=\"elementor-element elementor-element-b05219f elementor-widget elementor-widget-text-editor\" data-id=\"b05219f\" data-element_type=\"widget\" data-e-type=\"widget\" data-widget_type=\"text-editor.default\">\n\t\t\t\t<div class=\"elementor-widget-container\">\n\t\t\t\t\t\t\t\t\t<p>D\u00edas 1, 2, 3 y 4:<strong> <em>Solemne Quinario en honor del Sant\u00edsimo Cristo de la Sangre.<\/em><\/strong><\/p><p><em>Al finalizar el \u00faltimo d\u00eda de Quinario procesi\u00f3n claustral con su Divina Majestad<\/em><\/p><p>D\u00eda 9: <strong><em>Cabil<\/em><em>do<\/em><em> General Ordinario de Salida<\/em><\/strong><\/p><p>D\u00edas 12, 13, 14, 15, 16, 17 y 18: <strong><em>Solemne Septenario en honor de Mar\u00eda Sant\u00edsima de los Dolores.<\/em><\/strong><\/p><p><em>Al finalizar el \u00faltimo d\u00eda de Septenario procesi\u00f3n claustral con su Divina Majestad.<\/em><\/p><p>D\u00eda 18: <em><strong>Funci\u00f3n Principal de Instituto<\/strong><\/em><\/p><p>D\u00eda 19: <strong><em>XL Preg\u00f3n Cofrade y XXVIII Comida de<\/em><em> Herm<\/em><\/strong><em><strong>andad<\/strong>.<\/em><\/p><p>D\u00eda 31: <strong><em>Viernes de Dolores. Funci\u00f3n Solemne a la Sant\u00edsima Virgen de los Dolores y <\/em><\/strong><strong>Solemne y Devoto Besamanos y veneraci\u00f3n a la Stma. Virgen de los Dolores durante todo el d\u00eda<\/strong><\/p><p><strong><em>\u00a0<\/em><\/strong><\/p>\t\t\t\t\t\t\t\t<\/div>\n\t\t\t\t<\/div>\n\t\t\t\t<\/div>\n\t\t\t\t\t<\/div>\n\t\t\t\t<\/div>\n\t\t<div class=\"elementor-element elementor-element-4b825e6 e-flex e-con-boxed e-con e-parent\" data-id=\"4b825e6\" data-element_type=\"container\" data-e-type=\"container\">\n\t\t\t\t\t<div class=\"e-con-inner\">\n\t\t<div class=\"elementor-element elementor-element-b66e35f e-con-full e-flex e-con e-child\" data-id=\"b66e35f\" data-element_type=\"container\" data-e-type=\"container\">\n\t\t\t\t<div class=\"elementor-element elementor-element-009d81f elementor-align-center elementor-widget elementor-widget-button\" data-id=\"009d81f\" data-element_type=\"widget\" data-e-type=\"widget\" data-widget_type=\"button.default\">\n\t\t\t\t<div class=\"elementor-widget-container\">\n\t\t\t\t\t\t\t\t\t<div class=\"elementor-button-wrapper\">\n\t\t\t\t\t<a class=\"elementor-button elementor-button-link elementor-size-sm\" href=\"#\">\n\t\t\t\t\t\t<span class=\"elementor-button-content-wrapper\">\n\t\t\t\t\t\t\t\t\t<span class=\"elementor-button-text\">Abril<\/span>\n\t\t\t\t\t<\/span>\n\t\t\t\t\t<\/a>\n\t\t\t\t<\/div>\n\t\t\t\t\t\t\t\t<\/div>\n\t\t\t\t<\/div>\n\t\t\t\t<\/div>\n\t\t<div class=\"elementor-element elementor-element-3d1e4f1 e-con-full e-flex e-con e-child\" data-id=\"3d1e4f1\" data-element_type=\"container\" data-e-type=\"container\">\n\t\t\t\t<div class=\"elementor-element elementor-element-c610a5f elementor-widget elementor-widget-text-editor\" data-id=\"c610a5f\" data-element_type=\"widget\" data-e-type=\"widget\" data-widget_type=\"text-editor.default\">\n\t\t\t\t<div class=\"elementor-widget-container\">\n\t\t\t\t\t\t\t\t\t<p>D\u00eda 1:<strong> <em>Misa de Hermandad, V\u00eda Crucis con el Sant\u00edsimo Cristo de la Sangre por las calles de <\/em>Espartinas y Solemne Traslado del Stmo. Cristo de la Sangre a su paso procesional<\/strong><\/p><p>D\u00eda 2: <strong><em>Domingo de Ramos. <\/em><\/strong><\/p><p>D\u00eda 4: <strong><em>Martes Santo. <\/em><\/strong><em>A las 12:00 h. <\/em><strong><em>Misa de Hermandad.\u00a0<\/em><\/strong><em>Y otra por la tarde antes de la salida penitencial. A\u00a0las 20:00 h<strong>. Estaci\u00f3n de Penitencia por las calles de nuestra Villa.<\/strong><\/em><\/p><p>D\u00eda 6: <strong><em>Jueves Santo.\u00a0<\/em><\/strong><em style=\"color: var( --e-global-color-text ); font-family: var( --e-global-typography-text-font-family ), Sans-serif; font-weight: var( --e-global-typography-text-font-weight ); text-align: var(--text-align); font-size: 1rem;\">A las 17:00 h.\u00a0<\/em><strong style=\"color: var( --e-global-color-text ); font-family: var( --e-global-typography-text-font-family ), Sans-serif; text-align: var(--text-align); font-size: 1rem;\"><em>Santos Oficios<\/em><em>.<\/em><\/strong><\/p><p>D\u00eda 7: <strong>Viernes Santo. <\/strong>A las 11:00 h.<strong> Solemne V\u00eda Crucis en el interior del Templo Parroquial. <\/strong><em>A las 17:00 h<\/em><strong><em>. <\/em><em>Santos Oficios.<\/em><\/strong><\/p><p><em>D\u00eda 8<\/em><strong><em>: S\u00e1bado Santo. <\/em><\/strong><em>A las 23:00 h.<\/em><strong><em> Vigilia Pascual.<\/em><\/strong><\/p><p><em>D\u00eda 9<\/em><strong><em>: Domingo de Resurrecci\u00f3n. <\/em><\/strong><em>A las 23:00 h.<\/em><strong><em> Salida Gloriosa (Fiesta de Inter\u00e9s Tur\u00edstico). <\/em><\/strong><\/p><p><em>*Mirar horario misa, recorrido y horario de salida.<\/em><\/p>\t\t\t\t\t\t\t\t<\/div>\n\t\t\t\t<\/div>\n\t\t\t\t<\/div>\n\t\t\t\t\t<\/div>\n\t\t\t\t<\/div>\n\t\t<div class=\"elementor-element elementor-element-2450dc4 e-flex e-con-boxed e-con e-parent\" data-id=\"2450dc4\" data-element_type=\"container\" data-e-type=\"container\">\n\t\t\t\t\t<div class=\"e-con-inner\">\n\t\t<div class=\"elementor-element elementor-element-226caf7 e-con-full e-flex e-con e-child\" data-id=\"226caf7\" data-element_type=\"container\" data-e-type=\"container\">\n\t\t\t\t<div class=\"elementor-element elementor-element-4c7ca69 elementor-align-center elementor-widget elementor-widget-button\" data-id=\"4c7ca69\" data-element_type=\"widget\" data-e-type=\"widget\" data-widget_type=\"button.default\">\n\t\t\t\t<div class=\"elementor-widget-container\">\n\t\t\t\t\t\t\t\t\t<div class=\"elementor-button-wrapper\">\n\t\t\t\t\t<a class=\"elementor-button elementor-button-link elementor-size-sm\" href=\"#\">\n\t\t\t\t\t\t<span class=\"elementor-button-content-wrapper\">\n\t\t\t\t\t\t\t\t\t<span class=\"elementor-button-text\">Mayo<\/span>\n\t\t\t\t\t<\/span>\n\t\t\t\t\t<\/a>\n\t\t\t\t<\/div>\n\t\t\t\t\t\t\t\t<\/div>\n\t\t\t\t<\/div>\n\t\t\t\t<\/div>\n\t\t<div class=\"elementor-element elementor-element-b1773bb e-con-full e-flex e-con e-child\" data-id=\"b1773bb\" data-element_type=\"container\" data-e-type=\"container\">\n\t\t\t\t<div class=\"elementor-element elementor-element-053b77f elementor-widget elementor-widget-text-editor\" data-id=\"053b77f\" data-element_type=\"widget\" data-e-type=\"widget\" data-widget_type=\"text-editor.default\">\n\t\t\t\t<div class=\"elementor-widget-container\">\n\t\t\t\t\t\t\t\t\t<p>D\u00eda 21: <em>Solemnidad de la Ascensi\u00f3n del Se\u00f1or, a las 09.00 h. <strong>Procesi\u00f3n de Impedidos del Stmo. Sacramento por las calles de Espartinas y Santa Misa.<\/strong><\/em><\/p>\t\t\t\t\t\t\t\t<\/div>\n\t\t\t\t<\/div>\n\t\t\t\t<\/div>\n\t\t\t\t\t<\/div>\n\t\t\t\t<\/div>\n\t\t<div class=\"elementor-element elementor-element-3286732 e-flex e-con-boxed e-con e-parent\" data-id=\"3286732\" data-element_type=\"container\" data-e-type=\"container\">\n\t\t\t\t\t<div class=\"e-con-inner\">\n\t\t<div class=\"elementor-element elementor-element-a1aaef3 e-con-full e-flex e-con e-child\" data-id=\"a1aaef3\" data-element_type=\"container\" data-e-type=\"container\">\n\t\t\t\t<div class=\"elementor-element elementor-element-48c457b elementor-align-center elementor-widget elementor-widget-button\" data-id=\"48c457b\" data-element_type=\"widget\" data-e-type=\"widget\" data-widget_type=\"button.default\">\n\t\t\t\t<div class=\"elementor-widget-container\">\n\t\t\t\t\t\t\t\t\t<div class=\"elementor-button-wrapper\">\n\t\t\t\t\t<a class=\"elementor-button elementor-button-link elementor-size-sm\" href=\"#\">\n\t\t\t\t\t\t<span class=\"elementor-button-content-wrapper\">\n\t\t\t\t\t\t\t\t\t<span class=\"elementor-button-text\">Junio<\/span>\n\t\t\t\t\t<\/span>\n\t\t\t\t\t<\/a>\n\t\t\t\t<\/div>\n\t\t\t\t\t\t\t\t<\/div>\n\t\t\t\t<\/div>\n\t\t\t\t<\/div>\n\t\t<div class=\"elementor-element elementor-element-846e2ad e-con-full e-flex e-con e-child\" data-id=\"846e2ad\" data-element_type=\"container\" data-e-type=\"container\">\n\t\t\t\t<div class=\"elementor-element elementor-element-a6cd3cd elementor-widget elementor-widget-text-editor\" data-id=\"a6cd3cd\" data-element_type=\"widget\" data-e-type=\"widget\" data-widget_type=\"text-editor.default\">\n\t\t\t\t<div class=\"elementor-widget-container\">\n\t\t\t\t\t\t\t\t\t<p>D\u00eda 2: <strong>XXX Concurso \u2013 Desfile de pasitos de la Cruz de Mayo.<\/strong><\/p><p>D\u00eda 3: <strong><em>V Procesi\u00f3n de la Cruz de Mayo Juventud Sacramental.<\/em><\/strong><\/p><p>D\u00edas 9, 10 y 11:\u00a0<strong>Triduo al Sant\u00edsimo Sacramento del Altar.<\/strong><\/p><p>D\u00eda 12: <strong>Funci\u00f3n Principal de Instituto y Procesi\u00f3n con el Sant\u00edsimo Sacramento por las calles de nuestro Pueblo.<\/strong><\/p>\t\t\t\t\t\t\t\t<\/div>\n\t\t\t\t<\/div>\n\t\t\t\t<\/div>\n\t\t\t\t\t<\/div>\n\t\t\t\t<\/div>\n\t\t<div class=\"elementor-element elementor-element-3a54b23 e-flex e-con-boxed e-con e-parent\" data-id=\"3a54b23\" data-element_type=\"container\" data-e-type=\"container\">\n\t\t\t\t\t<div class=\"e-con-inner\">\n\t\t<div class=\"elementor-element elementor-element-98965da e-con-full e-flex e-con e-child\" data-id=\"98965da\" data-element_type=\"container\" data-e-type=\"container\">\n\t\t\t\t<div class=\"elementor-element elementor-element-da4dbef elementor-align-center elementor-widget elementor-widget-button\" data-id=\"da4dbef\" data-element_type=\"widget\" data-e-type=\"widget\" data-widget_type=\"button.default\">\n\t\t\t\t<div class=\"elementor-widget-container\">\n\t\t\t\t\t\t\t\t\t<div class=\"elementor-button-wrapper\">\n\t\t\t\t\t<a class=\"elementor-button elementor-button-link elementor-size-sm\" href=\"#\">\n\t\t\t\t\t\t<span class=\"elementor-button-content-wrapper\">\n\t\t\t\t\t\t\t\t\t<span class=\"elementor-button-text\">Septiembre<\/span>\n\t\t\t\t\t<\/span>\n\t\t\t\t\t<\/a>\n\t\t\t\t<\/div>\n\t\t\t\t\t\t\t\t<\/div>\n\t\t\t\t<\/div>\n\t\t\t\t<\/div>\n\t\t<div class=\"elementor-element elementor-element-5bd3403 e-con-full e-flex e-con e-child\" data-id=\"5bd3403\" data-element_type=\"container\" data-e-type=\"container\">\n\t\t\t\t<div class=\"elementor-element elementor-element-d6b412a elementor-widget elementor-widget-text-editor\" data-id=\"d6b412a\" data-element_type=\"widget\" data-e-type=\"widget\" data-widget_type=\"text-editor.default\">\n\t\t\t\t<div class=\"elementor-widget-container\">\n\t\t\t\t\t\t\t\t\t<p><strong><em>Feria de Espartinas<\/em><\/strong><\/p><p>D\u00edas 13, 14 y 15: <strong><em>Solemne Triduo Glorioso a Mar\u00eda Sant\u00edsima de los Dolores.<\/em><\/strong><\/p><p>D\u00eda 15:\u00a0<strong>Solemne y Devoto Besamanos y veneraci\u00f3n a la Stma. Virgen de los Dolores durante todo el d\u00eda.<\/strong><\/p>\t\t\t\t\t\t\t\t<\/div>\n\t\t\t\t<\/div>\n\t\t\t\t<\/div>\n\t\t\t\t\t<\/div>\n\t\t\t\t<\/div>\n\t\t<div class=\"elementor-element elementor-element-5f327b8 e-flex e-con-boxed e-con e-parent\" data-id=\"5f327b8\" data-element_type=\"container\" data-e-type=\"container\">\n\t\t\t\t\t<div class=\"e-con-inner\">\n\t\t<div class=\"elementor-element elementor-element-242d7dc e-con-full e-flex e-con e-child\" data-id=\"242d7dc\" data-element_type=\"container\" data-e-type=\"container\">\n\t\t\t\t<div class=\"elementor-element elementor-element-a08bdfb elementor-align-center elementor-widget elementor-widget-button\" data-id=\"a08bdfb\" data-element_type=\"widget\" data-e-type=\"widget\" data-widget_type=\"button.default\">\n\t\t\t\t<div class=\"elementor-widget-container\">\n\t\t\t\t\t\t\t\t\t<div class=\"elementor-button-wrapper\">\n\t\t\t\t\t<a class=\"elementor-button elementor-button-link elementor-size-sm\" href=\"#\">\n\t\t\t\t\t\t<span class=\"elementor-button-content-wrapper\">\n\t\t\t\t\t\t\t\t\t<span class=\"elementor-button-text\">Octubre<\/span>\n\t\t\t\t\t<\/span>\n\t\t\t\t\t<\/a>\n\t\t\t\t<\/div>\n\t\t\t\t\t\t\t\t<\/div>\n\t\t\t\t<\/div>\n\t\t\t\t<\/div>\n\t\t<div class=\"elementor-element elementor-element-9709bc2 e-con-full e-flex e-con e-child\" data-id=\"9709bc2\" data-element_type=\"container\" data-e-type=\"container\">\n\t\t\t\t<div class=\"elementor-element elementor-element-72876a8 elementor-widget elementor-widget-text-editor\" data-id=\"72876a8\" data-element_type=\"widget\" data-e-type=\"widget\" data-widget_type=\"text-editor.default\">\n\t\t\t\t<div class=\"elementor-widget-container\">\n\t\t\t\t\t\t\t\t\t<p>D\u00eda 14: <em><strong>Santa Misa de Hermandad.<\/strong><\/em><\/p>\t\t\t\t\t\t\t\t<\/div>\n\t\t\t\t<\/div>\n\t\t\t\t<\/div>\n\t\t\t\t\t<\/div>\n\t\t\t\t<\/div>\n\t\t<div class=\"elementor-element elementor-element-fbe3d88 e-flex e-con-boxed e-con e-parent\" data-id=\"fbe3d88\" data-element_type=\"container\" data-e-type=\"container\">\n\t\t\t\t\t<div class=\"e-con-inner\">\n\t\t<div class=\"elementor-element elementor-element-2f675c3 e-con-full e-flex e-con e-child\" data-id=\"2f675c3\" data-element_type=\"container\" data-e-type=\"container\">\n\t\t\t\t<div class=\"elementor-element elementor-element-24be4be elementor-align-center elementor-widget elementor-widget-button\" data-id=\"24be4be\" data-element_type=\"widget\" data-e-type=\"widget\" data-widget_type=\"button.default\">\n\t\t\t\t<div class=\"elementor-widget-container\">\n\t\t\t\t\t\t\t\t\t<div class=\"elementor-button-wrapper\">\n\t\t\t\t\t<a class=\"elementor-button elementor-button-link elementor-size-sm\" href=\"#\">\n\t\t\t\t\t\t<span class=\"elementor-button-content-wrapper\">\n\t\t\t\t\t\t\t\t\t<span class=\"elementor-button-text\">Noviembre<\/span>\n\t\t\t\t\t<\/span>\n\t\t\t\t\t<\/a>\n\t\t\t\t<\/div>\n\t\t\t\t\t\t\t\t<\/div>\n\t\t\t\t<\/div>\n\t\t\t\t<\/div>\n\t\t<div class=\"elementor-element elementor-element-2e03f64 e-con-full e-flex e-con e-child\" data-id=\"2e03f64\" data-element_type=\"container\" data-e-type=\"container\">\n\t\t\t\t<div class=\"elementor-element elementor-element-71e6f8f elementor-widget elementor-widget-text-editor\" data-id=\"71e6f8f\" data-element_type=\"widget\" data-e-type=\"widget\" data-widget_type=\"text-editor.default\">\n\t\t\t\t<div class=\"elementor-widget-container\">\n\t\t\t\t\t\t\t\t\t<p>D\u00eda 18: <em><strong>Santa Misa de Sufragio por Nuestros Hermanos Difuntos.<\/strong><\/em><\/p><p>D\u00eda 26: <strong><em>Rosario de la Aurora con la Stma. Virgen a Residencia de Ntra. Sra. de los \u00c1ngeles.<\/em><\/strong><\/p>\t\t\t\t\t\t\t\t<\/div>\n\t\t\t\t<\/div>\n\t\t\t\t<\/div>\n\t\t\t\t\t<\/div>\n\t\t\t\t<\/div>\n\t\t<div class=\"elementor-element elementor-element-f986456 e-flex e-con-boxed e-con e-parent\" data-id=\"f986456\" data-element_type=\"container\" data-e-type=\"container\">\n\t\t\t\t\t<div class=\"e-con-inner\">\n\t\t<div class=\"elementor-element elementor-element-09368f9 e-con-full e-flex e-con e-child\" data-id=\"09368f9\" data-element_type=\"container\" data-e-type=\"container\">\n\t\t\t\t<div class=\"elementor-element elementor-element-9b0dfad elementor-align-center elementor-widget elementor-widget-button\" data-id=\"9b0dfad\" data-element_type=\"widget\" data-e-type=\"widget\" data-widget_type=\"button.default\">\n\t\t\t\t<div class=\"elementor-widget-container\">\n\t\t\t\t\t\t\t\t\t<div class=\"elementor-button-wrapper\">\n\t\t\t\t\t<a class=\"elementor-button elementor-button-link elementor-size-sm\" href=\"#\">\n\t\t\t\t\t\t<span class=\"elementor-button-content-wrapper\">\n\t\t\t\t\t\t\t\t\t<span class=\"elementor-button-text\">Diciembre<\/span>\n\t\t\t\t\t<\/span>\n\t\t\t\t\t<\/a>\n\t\t\t\t<\/div>\n\t\t\t\t\t\t\t\t<\/div>\n\t\t\t\t<\/div>\n\t\t\t\t<\/div>\n\t\t<div class=\"elementor-element elementor-element-f6d4b0c e-con-full e-flex e-con e-child\" data-id=\"f6d4b0c\" data-element_type=\"container\" data-e-type=\"container\">\n\t\t\t\t<div class=\"elementor-element elementor-element-95661df elementor-widget elementor-widget-text-editor\" data-id=\"95661df\" data-element_type=\"widget\" data-e-type=\"widget\" data-widget_type=\"text-editor.default\">\n\t\t\t\t<div class=\"elementor-widget-container\">\n\t\t\t\t\t\t\t\t\t<p><strong><em>Apertura de la 53\u00ba edici\u00f3n de la T\u00f3mbola de Navidad.<\/em><\/strong><\/p><p>D\u00f1ia 17: <strong><em>Visita del Cartero Real y los Reyes Magos a nuestra Hermandad<\/em><\/strong><\/p>\t\t\t\t\t\t\t\t<\/div>\n\t\t\t\t<\/div>\n\t\t\t\t<\/div>\n\t\t\t\t\t<\/div>\n\t\t\t\t<\/div>\n\t\t<div class=\"elementor-element elementor-element-8f1b03d e-flex e-con-boxed e-con e-parent\" data-id=\"8f1b03d\" data-element_type=\"container\" data-e-type=\"container\">\n\t\t\t\t\t<div class=\"e-con-inner\">\n\t\t\t\t<div class=\"elementor-element elementor-element-c721229 elementor-widget elementor-widget-text-editor\" data-id=\"c721229\" data-element_type=\"widget\" data-e-type=\"widget\" data-widget_type=\"text-editor.default\">\n\t\t\t\t<div class=\"elementor-widget-container\">\n\t\t\t\t\t\t\t\t\t<p><strong>Todos los 3\u00ba s\u00e1bados de mes SANTA MISA DE HERMANDAD<\/strong><\/p><p><strong>Todos los martes del a\u00f1o (salvo julio y agosto) apertura de nuestra capilla y oficina de atenci\u00f3n al Hermano en horario de 19.30 a 21.00 horas.<\/strong><\/p>\t\t\t\t\t\t\t\t<\/div>\n\t\t\t\t<\/div>\n\t\t\t\t\t<\/div>\n\t\t\t\t<\/div>\n\t\t\t\t<\/div>\n\t\t","protected":false},"excerpt":{"rendered":"<p>Enero D\u00eda 5: Cabalgata Reyes Magos, finalizaci\u00f3n en nuestra Capilla. D\u00eda 14: Santa Misa de Hermandad D\u00eda 26: Cabildo General Ordinario de Cuentas y Cultos Febrero D\u00eda 18: Santa Misa de Hermandad D\u00eda 22: Mi\u00e9rcoles de Ceniza D\u00eda 28: Solemne Quinario en honor del Sant\u00edsimo Cristo de la Sangre. Marzo D\u00edas 1, 2, 3 y [&hellip;]<\/p>\n","protected":false},"author":2,"featured_media":0,"parent":0,"menu_order":0,"comment_status":"closed","ping_status":"closed","template":"","meta":{"site-sidebar-layout":"default","site-content-layout":"","ast-site-content-layout":"default","site-content-style":"default","site-sidebar-style":"default","ast-global-header-display":"","ast-banner-title-visibility":"","ast-main-header-display":"","ast-hfb-above-header-display":"","ast-hfb-below-header-display":"","ast-hfb-mobile-header-display":"","site-post-title":"","ast-breadcrumbs-content":"","ast-featured-img":"","footer-sml-layout":"","ast-disable-related-posts":"","theme-transparent-header-meta":"","adv-header-id-meta":"","stick-header-meta":"","header-above-stick-meta":"","header-main-stick-meta":"","header-below-stick-meta":"","astra-migrate-meta-layouts":"default","ast-page-background-enabled":"default","ast-page-background-meta":{"desktop":{"background-color":"var(--ast-global-color-4)","background-image":"","background-repeat":"repeat","background-position":"center center","background-size":"auto","background-attachment":"scroll","background-type":"","background-media":"","overlay-type":"","overlay-color":"","overlay-opacity":"","overlay-gradient":""},"tablet":{"background-color":"","background-image":"","background-repeat":"repeat","background-position":"center center","background-size":"auto","background-attachment":"scroll","background-type":"","background-media":"","overlay-type":"","overlay-color":"","overlay-opacity":"","overlay-gradient":""},"mobile":{"background-color":"","background-image":"","background-repeat":"repeat","background-position":"center center","background-size":"auto","background-attachment":"scroll","background-type":"","background-media":"","overlay-type":"","overlay-color":"","overlay-opacity":"","overlay-gradient":""}},"ast-content-background-meta":{"desktop":{"background-color":"var(--ast-global-color-5)","background-image":"","background-repeat":"repeat","background-position":"center center","background-size":"auto","background-attachment":"scroll","background-type":"","background-media":"","overlay-type":"","overlay-color":"","overlay-opacity":"","overlay-gradient":""},"tablet":{"background-color":"var(--ast-global-color-5)","background-image":"","background-repeat":"repeat","background-position":"center center","background-size":"auto","background-attachment":"scroll","background-type":"","background-media":"","overlay-type":"","overlay-color":"","overlay-opacity":"","overlay-gradient":""},"mobile":{"background-color":"var(--ast-global-color-5)","background-image":"","background-repeat":"repeat","background-position":"center center","background-size":"auto","background-attachment":"scroll","background-type":"","background-media":"","overlay-type":"","overlay-color":"","overlay-opacity":"","overlay-gradient":""}},"footnotes":""},"class_list":["post-131","page","type-page","status-publish","hentry"],"_links":{"self":[{"href":"https:\/\/hermandadsacramentalespartinas.es\/index.php?rest_route=\/wp\/v2\/pages\/131","targetHints":{"allow":["GET"]}}],"collection":[{"href":"https:\/\/hermandadsacramentalespartinas.es\/index.php?rest_route=\/wp\/v2\/pages"}],"about":[{"href":"https:\/\/hermandadsacramentalespartinas.es\/index.php?rest_route=\/wp\/v2\/types\/page"}],"author":[{"embeddable":true,"href":"https:\/\/hermandadsacramentalespartinas.es\/index.php?rest_route=\/wp\/v2\/users\/2"}],"replies":[{"embeddable":true,"href":"https:\/\/hermandadsacramentalespartinas.es\/index.php?rest_route=%2Fwp%2Fv2%2Fcomments&post=131"}],"version-history":[{"count":11,"href":"https:\/\/hermandadsacramentalespartinas.es\/index.php?rest_route=\/wp\/v2\/pages\/131\/revisions"}],"predecessor-version":[{"id":152,"href":"https:\/\/hermandadsacramentalespartinas.es\/index.php?rest_route=\/wp\/v2\/pages\/131\/revisions\/152"}],"wp:attachment":[{"href":"https:\/\/hermandadsacramentalespartinas.es\/index.php?rest_route=%2Fwp%2Fv2%2Fmedia&parent=131"}],"curies":[{"name":"wp","href":"https:\/\/api.w.org\/{rel}","templated":true}]}}