{"id":225,"date":"2024-03-15T16:11:41","date_gmt":"2024-03-15T16:11:41","guid":{"rendered":"https:\/\/hermandadsacramentalespartinas.es\/?page_id=225"},"modified":"2024-03-16T16:46:47","modified_gmt":"2024-03-16T16:46:47","slug":"santisimo-cristo-de-la-sangre","status":"publish","type":"page","link":"https:\/\/hermandadsacramentalespartinas.es\/?page_id=225","title":{"rendered":"Sant\u00edsimo Cristo de la Sangre"},"content":{"rendered":"\t\t<div data-elementor-type=\"wp-page\" data-elementor-id=\"225\" class=\"elementor elementor-225\" data-elementor-post-type=\"page\">\n\t\t\t\t<div class=\"elementor-element elementor-element-1e0d776 e-flex e-con-boxed e-con e-parent\" data-id=\"1e0d776\" data-element_type=\"container\" data-e-type=\"container\">\n\t\t\t\t\t<div class=\"e-con-inner\">\n\t\t\t\t<div class=\"elementor-element elementor-element-41bd2a8 elementor-widget elementor-widget-image\" data-id=\"41bd2a8\" data-element_type=\"widget\" data-e-type=\"widget\" data-widget_type=\"image.default\">\n\t\t\t\t<div class=\"elementor-widget-container\">\n\t\t\t\t\t\t\t\t\t\t\t\t\t\t\t<img fetchpriority=\"high\" decoding=\"async\" width=\"1536\" height=\"2048\" src=\"https:\/\/hermandadsacramentalespartinas.es\/wp-content\/uploads\/2024\/03\/Santisimo-Cristo-de-la-Sangre-1.jpg\" class=\"attachment-full size-full wp-image-424\" alt=\"\" srcset=\"https:\/\/hermandadsacramentalespartinas.es\/wp-content\/uploads\/2024\/03\/Santisimo-Cristo-de-la-Sangre-1.jpg 1536w, https:\/\/hermandadsacramentalespartinas.es\/wp-content\/uploads\/2024\/03\/Santisimo-Cristo-de-la-Sangre-1-225x300.jpg 225w, https:\/\/hermandadsacramentalespartinas.es\/wp-content\/uploads\/2024\/03\/Santisimo-Cristo-de-la-Sangre-1-768x1024.jpg 768w, https:\/\/hermandadsacramentalespartinas.es\/wp-content\/uploads\/2024\/03\/Santisimo-Cristo-de-la-Sangre-1-1152x1536.jpg 1152w\" sizes=\"(max-width: 1536px) 100vw, 1536px\" \/>\t\t\t\t\t\t\t\t\t\t\t\t\t\t\t<\/div>\n\t\t\t\t<\/div>\n\t\t\t\t<div class=\"elementor-element elementor-element-0e078c1 elementor-widget elementor-widget-text-editor\" data-id=\"0e078c1\" data-element_type=\"widget\" data-e-type=\"widget\" data-widget_type=\"text-editor.default\">\n\t\t\t\t<div class=\"elementor-widget-container\">\n\t\t\t\t\t\t\t\t\t<p><a href=\"https:\/\/hermandadsacramentalespartinas.es\/wp-content\/uploads\/2024\/03\/Santisimo-Cristo-de-la-Sangre-3.jpg\"><img decoding=\"async\" class=\"alignleft wp-image-426 size-medium\" src=\"https:\/\/hermandadsacramentalespartinas.es\/wp-content\/uploads\/2024\/03\/Santisimo-Cristo-de-la-Sangre-3-200x300.jpg\" alt=\"\" width=\"200\" height=\"300\" srcset=\"https:\/\/hermandadsacramentalespartinas.es\/wp-content\/uploads\/2024\/03\/Santisimo-Cristo-de-la-Sangre-3-200x300.jpg 200w, https:\/\/hermandadsacramentalespartinas.es\/wp-content\/uploads\/2024\/03\/Santisimo-Cristo-de-la-Sangre-3-682x1024.jpg 682w, https:\/\/hermandadsacramentalespartinas.es\/wp-content\/uploads\/2024\/03\/Santisimo-Cristo-de-la-Sangre-3-768x1153.jpg 768w, https:\/\/hermandadsacramentalespartinas.es\/wp-content\/uploads\/2024\/03\/Santisimo-Cristo-de-la-Sangre-3-1023x1536.jpg 1023w, https:\/\/hermandadsacramentalespartinas.es\/wp-content\/uploads\/2024\/03\/Santisimo-Cristo-de-la-Sangre-3.jpg 1066w\" sizes=\"(max-width: 200px) 100vw, 200px\" \/><\/a><a href=\"https:\/\/hermandadsacramentalespartinas.es\/wp-content\/uploads\/2024\/03\/Santisimo-Cristo-de-la-Sangre-2.jpg\"><img decoding=\"async\" class=\"alignright wp-image-425 size-medium\" src=\"https:\/\/hermandadsacramentalespartinas.es\/wp-content\/uploads\/2024\/03\/Santisimo-Cristo-de-la-Sangre-2-200x300.jpg\" alt=\"\" width=\"200\" height=\"300\" srcset=\"https:\/\/hermandadsacramentalespartinas.es\/wp-content\/uploads\/2024\/03\/Santisimo-Cristo-de-la-Sangre-2-200x300.jpg 200w, https:\/\/hermandadsacramentalespartinas.es\/wp-content\/uploads\/2024\/03\/Santisimo-Cristo-de-la-Sangre-2.jpg 683w\" sizes=\"(max-width: 200px) 100vw, 200px\" \/><\/a>Nuestro Padre Jes\u00fas de la Sangre, se encuentra situado en la Capilla Sacrametal de la Iglesia de la Asunci\u00f3n.<\/p><p>Es una talla realizada en cart\u00f3n piedra, con telas encoladas cosidas en su interior, t\u00e9cnica por la cual fechamos su realizaci\u00f3n sobre el siglo XVII, aunque realmente sus dimensiones son m\u00e1s grandes que las aplicadas en aquella \u00e9poca.<\/p><p>De autor desconocido, se cree que pudo pertenecer en el pasado a la desaparecida Hermandad de la Veracruz, aunque no hay suficiente documentaci\u00f3n para verificarlo.<\/p><p>La talla de Nuestro Se\u00f1or ha sufrido tres restauraciones:<\/p><p><strong>Primera restauraci\u00f3n<\/strong> 1976: Realizada por D. \u00c1ngel de la Feria, se realiz\u00f3 para poner una mejor estructura de sujeci\u00f3n a los pies y las manos del Cristo.<\/p><p><strong>Segunda restauraci\u00f3n<\/strong> 1984: Realizada por D. \u00c1ngel de la Feria (hijo), se restauraron los pies, ya que hab\u00edan sufrido da\u00f1os al subirlo al paso, pocos d\u00edas antes de su salida en Penitencia.<\/p><p><strong>Tercera restauraci\u00f3n<\/strong> 2011-2012: Realizada por Do\u00f1a Fuensanta de la Paz Calatrava y Don Antonio Garc\u00eda Guerrero, en la que se recuperaron, adem\u00e1s de los pies deformados, todos los da\u00f1os que el Cristo hab\u00eda sufrido en estos a\u00f1os.<\/p><p><a href=\"https:\/\/hermandadsacramentalespartinas.es\/wp-content\/uploads\/2024\/03\/Santisimo-Cristo-de-la-Sangre-4.jpg\"><img loading=\"lazy\" decoding=\"async\" class=\"aligncenter wp-image-427 size-medium\" src=\"https:\/\/hermandadsacramentalespartinas.es\/wp-content\/uploads\/2024\/03\/Santisimo-Cristo-de-la-Sangre-4-300x200.jpg\" alt=\"\" width=\"300\" height=\"200\" srcset=\"https:\/\/hermandadsacramentalespartinas.es\/wp-content\/uploads\/2024\/03\/Santisimo-Cristo-de-la-Sangre-4-300x200.jpg 300w, https:\/\/hermandadsacramentalespartinas.es\/wp-content\/uploads\/2024\/03\/Santisimo-Cristo-de-la-Sangre-4-768x512.jpg 768w, https:\/\/hermandadsacramentalespartinas.es\/wp-content\/uploads\/2024\/03\/Santisimo-Cristo-de-la-Sangre-4.jpg 1024w\" sizes=\"(max-width: 300px) 100vw, 300px\" \/><\/a><\/p>\t\t\t\t\t\t\t\t<\/div>\n\t\t\t\t<\/div>\n\t\t\t\t\t<\/div>\n\t\t\t\t<\/div>\n\t\t\t\t<\/div>\n\t\t","protected":false},"excerpt":{"rendered":"<p>Nuestro Padre Jes\u00fas de la Sangre, se encuentra situado en la Capilla Sacrametal de la Iglesia de la Asunci\u00f3n. Es una talla realizada en cart\u00f3n piedra, con telas encoladas cosidas en su interior, t\u00e9cnica por la cual fechamos su realizaci\u00f3n sobre el siglo XVII, aunque realmente sus dimensiones son m\u00e1s grandes que las aplicadas en [&hellip;]<\/p>\n","protected":false},"author":2,"featured_media":0,"parent":0,"menu_order":0,"comment_status":"closed","ping_status":"closed","template":"","meta":{"site-sidebar-layout":"default","site-content-layout":"","ast-site-content-layout":"default","site-content-style":"default","site-sidebar-style":"default","ast-global-header-display":"","ast-banner-title-visibility":"","ast-main-header-display":"","ast-hfb-above-header-display":"","ast-hfb-below-header-display":"","ast-hfb-mobile-header-display":"","site-post-title":"","ast-breadcrumbs-content":"","ast-featured-img":"","footer-sml-layout":"","ast-disable-related-posts":"","theme-transparent-header-meta":"","adv-header-id-meta":"","stick-header-meta":"","header-above-stick-meta":"","header-main-stick-meta":"","header-below-stick-meta":"","astra-migrate-meta-layouts":"default","ast-page-background-enabled":"default","ast-page-background-meta":{"desktop":{"background-color":"var(--ast-global-color-4)","background-image":"","background-repeat":"repeat","background-position":"center center","background-size":"auto","background-attachment":"scroll","background-type":"","background-media":"","overlay-type":"","overlay-color":"","overlay-opacity":"","overlay-gradient":""},"tablet":{"background-color":"","background-image":"","background-repeat":"repeat","background-position":"center center","background-size":"auto","background-attachment":"scroll","background-type":"","background-media":"","overlay-type":"","overlay-color":"","overlay-opacity":"","overlay-gradient":""},"mobile":{"background-color":"","background-image":"","background-repeat":"repeat","background-position":"center center","background-size":"auto","background-attachment":"scroll","background-type":"","background-media":"","overlay-type":"","overlay-color":"","overlay-opacity":"","overlay-gradient":""}},"ast-content-background-meta":{"desktop":{"background-color":"var(--ast-global-color-5)","background-image":"","background-repeat":"repeat","background-position":"center center","background-size":"auto","background-attachment":"scroll","background-type":"","background-media":"","overlay-type":"","overlay-color":"","overlay-opacity":"","overlay-gradient":""},"tablet":{"background-color":"var(--ast-global-color-5)","background-image":"","background-repeat":"repeat","background-position":"center center","background-size":"auto","background-attachment":"scroll","background-type":"","background-media":"","overlay-type":"","overlay-color":"","overlay-opacity":"","overlay-gradient":""},"mobile":{"background-color":"var(--ast-global-color-5)","background-image":"","background-repeat":"repeat","background-position":"center center","background-size":"auto","background-attachment":"scroll","background-type":"","background-media":"","overlay-type":"","overlay-color":"","overlay-opacity":"","overlay-gradient":""}},"footnotes":""},"class_list":["post-225","page","type-page","status-publish","hentry"],"_links":{"self":[{"href":"https:\/\/hermandadsacramentalespartinas.es\/index.php?rest_route=\/wp\/v2\/pages\/225","targetHints":{"allow":["GET"]}}],"collection":[{"href":"https:\/\/hermandadsacramentalespartinas.es\/index.php?rest_route=\/wp\/v2\/pages"}],"about":[{"href":"https:\/\/hermandadsacramentalespartinas.es\/index.php?rest_route=\/wp\/v2\/types\/page"}],"author":[{"embeddable":true,"href":"https:\/\/hermandadsacramentalespartinas.es\/index.php?rest_route=\/wp\/v2\/users\/2"}],"replies":[{"embeddable":true,"href":"https:\/\/hermandadsacramentalespartinas.es\/index.php?rest_route=%2Fwp%2Fv2%2Fcomments&post=225"}],"version-history":[{"count":7,"href":"https:\/\/hermandadsacramentalespartinas.es\/index.php?rest_route=\/wp\/v2\/pages\/225\/revisions"}],"predecessor-version":[{"id":433,"href":"https:\/\/hermandadsacramentalespartinas.es\/index.php?rest_route=\/wp\/v2\/pages\/225\/revisions\/433"}],"wp:attachment":[{"href":"https:\/\/hermandadsacramentalespartinas.es\/index.php?rest_route=%2Fwp%2Fv2%2Fmedia&parent=225"}],"curies":[{"name":"wp","href":"https:\/\/api.w.org\/{rel}","templated":true}]}}