{"id":228,"date":"2024-03-15T16:12:35","date_gmt":"2024-03-15T16:12:35","guid":{"rendered":"https:\/\/hermandadsacramentalespartinas.es\/?page_id=228"},"modified":"2024-03-16T16:51:00","modified_gmt":"2024-03-16T16:51:00","slug":"santisima-virgen-de-los-dolores","status":"publish","type":"page","link":"https:\/\/hermandadsacramentalespartinas.es\/?page_id=228","title":{"rendered":"Sant\u00edsima Virgen de los Dolores"},"content":{"rendered":"\t\t<div data-elementor-type=\"wp-page\" data-elementor-id=\"228\" class=\"elementor elementor-228\" data-elementor-post-type=\"page\">\n\t\t\t\t<div class=\"elementor-element elementor-element-1d78ddf e-flex e-con-boxed e-con e-parent\" data-id=\"1d78ddf\" data-element_type=\"container\" data-e-type=\"container\">\n\t\t\t\t\t<div class=\"e-con-inner\">\n\t\t\t\t<div class=\"elementor-element elementor-element-4f067c6 elementor-widget elementor-widget-image\" data-id=\"4f067c6\" data-element_type=\"widget\" data-e-type=\"widget\" data-widget_type=\"image.default\">\n\t\t\t\t<div class=\"elementor-widget-container\">\n\t\t\t\t\t\t\t\t\t\t\t\t\t\t\t<img fetchpriority=\"high\" decoding=\"async\" width=\"1024\" height=\"1024\" src=\"https:\/\/hermandadsacramentalespartinas.es\/wp-content\/uploads\/2024\/03\/Ntra.-Sra.-de-los-Dolores-3-1024x1024.jpg\" class=\"attachment-large size-large wp-image-436\" alt=\"\" srcset=\"https:\/\/hermandadsacramentalespartinas.es\/wp-content\/uploads\/2024\/03\/Ntra.-Sra.-de-los-Dolores-3-1024x1024.jpg 1024w, https:\/\/hermandadsacramentalespartinas.es\/wp-content\/uploads\/2024\/03\/Ntra.-Sra.-de-los-Dolores-3-300x300.jpg 300w, https:\/\/hermandadsacramentalespartinas.es\/wp-content\/uploads\/2024\/03\/Ntra.-Sra.-de-los-Dolores-3-150x150.jpg 150w, https:\/\/hermandadsacramentalespartinas.es\/wp-content\/uploads\/2024\/03\/Ntra.-Sra.-de-los-Dolores-3-768x768.jpg 768w, https:\/\/hermandadsacramentalespartinas.es\/wp-content\/uploads\/2024\/03\/Ntra.-Sra.-de-los-Dolores-3-1536x1536.jpg 1536w, https:\/\/hermandadsacramentalespartinas.es\/wp-content\/uploads\/2024\/03\/Ntra.-Sra.-de-los-Dolores-3.jpg 1600w\" sizes=\"(max-width: 1024px) 100vw, 1024px\" \/>\t\t\t\t\t\t\t\t\t\t\t\t\t\t\t<\/div>\n\t\t\t\t<\/div>\n\t\t\t\t<div class=\"elementor-element elementor-element-45efb93 elementor-widget elementor-widget-text-editor\" data-id=\"45efb93\" data-element_type=\"widget\" data-e-type=\"widget\" data-widget_type=\"text-editor.default\">\n\t\t\t\t<div class=\"elementor-widget-container\">\n\t\t\t\t\t\t\t\t\t<p><img decoding=\"async\" class=\"size-medium wp-image-434 alignleft\" src=\"https:\/\/hermandadsacramentalespartinas.es\/wp-content\/uploads\/2024\/03\/Ntra.-Sra.-de-los-Dolores-1-225x300.jpg\" alt=\"\" width=\"225\" height=\"300\" srcset=\"https:\/\/hermandadsacramentalespartinas.es\/wp-content\/uploads\/2024\/03\/Ntra.-Sra.-de-los-Dolores-1-225x300.jpg 225w, https:\/\/hermandadsacramentalespartinas.es\/wp-content\/uploads\/2024\/03\/Ntra.-Sra.-de-los-Dolores-1-768x1024.jpg 768w, https:\/\/hermandadsacramentalespartinas.es\/wp-content\/uploads\/2024\/03\/Ntra.-Sra.-de-los-Dolores-1-1152x1536.jpg 1152w, https:\/\/hermandadsacramentalespartinas.es\/wp-content\/uploads\/2024\/03\/Ntra.-Sra.-de-los-Dolores-1.jpg 1536w\" sizes=\"(max-width: 225px) 100vw, 225px\" \/><img decoding=\"async\" class=\"size-medium wp-image-435 alignright\" src=\"https:\/\/hermandadsacramentalespartinas.es\/wp-content\/uploads\/2024\/03\/Ntra.-Sra.-de-los-Dolores-2-225x300.jpg\" alt=\"\" width=\"225\" height=\"300\" srcset=\"https:\/\/hermandadsacramentalespartinas.es\/wp-content\/uploads\/2024\/03\/Ntra.-Sra.-de-los-Dolores-2-225x300.jpg 225w, https:\/\/hermandadsacramentalespartinas.es\/wp-content\/uploads\/2024\/03\/Ntra.-Sra.-de-los-Dolores-2-768x1024.jpg 768w, https:\/\/hermandadsacramentalespartinas.es\/wp-content\/uploads\/2024\/03\/Ntra.-Sra.-de-los-Dolores-2-1152x1536.jpg 1152w, https:\/\/hermandadsacramentalespartinas.es\/wp-content\/uploads\/2024\/03\/Ntra.-Sra.-de-los-Dolores-2.jpg 1536w\" sizes=\"(max-width: 225px) 100vw, 225px\" \/>Nuestra Se\u00f1ora de los Dolores se encuentra en la Capilla Sacramental de la Iglesia de la Asunci\u00f3n, situada en un precioso retablo neog\u00f3tico.<\/p><p>Al igual que al Sant\u00edsimo Cristo se desconoce su autor.<\/p><p>Se dice que antiguamente ten\u00eda las manos entrelazadas, y que su nombre original hasta 1803 era Nuestra Se\u00f1ora de la Soledad.<\/p><p>Su talla, seg\u00fan Do\u00f1a Fuensanta de la Paz Calatrava, pertenece a finales del XVII, principios del XVIII.<\/p><p>A trav\u00e9s de su restauraci\u00f3n en 1990, se le encontraron diferentes capas de policrom\u00eda en su rostro, decidi\u00e9ndose conservar la m\u00e1s superficial. Se le recompuso el candelero y el sistema de manos articulado, as\u00ed como tambi\u00e9n se le realizaron intervenciones en la policrom\u00eda y el estuco.<\/p>\t\t\t\t\t\t\t\t<\/div>\n\t\t\t\t<\/div>\n\t\t\t\t\t<\/div>\n\t\t\t\t<\/div>\n\t\t\t\t<\/div>\n\t\t","protected":false},"excerpt":{"rendered":"<p>Nuestra Se\u00f1ora de los Dolores se encuentra en la Capilla Sacramental de la Iglesia de la Asunci\u00f3n, situada en un precioso retablo neog\u00f3tico. Al igual que al Sant\u00edsimo Cristo se desconoce su autor. Se dice que antiguamente ten\u00eda las manos entrelazadas, y que su nombre original hasta 1803 era Nuestra Se\u00f1ora de la Soledad. Su [&hellip;]<\/p>\n","protected":false},"author":2,"featured_media":0,"parent":0,"menu_order":0,"comment_status":"closed","ping_status":"closed","template":"","meta":{"site-sidebar-layout":"default","site-content-layout":"","ast-site-content-layout":"default","site-content-style":"default","site-sidebar-style":"default","ast-global-header-display":"","ast-banner-title-visibility":"","ast-main-header-display":"","ast-hfb-above-header-display":"","ast-hfb-below-header-display":"","ast-hfb-mobile-header-display":"","site-post-title":"","ast-breadcrumbs-content":"","ast-featured-img":"","footer-sml-layout":"","ast-disable-related-posts":"","theme-transparent-header-meta":"","adv-header-id-meta":"","stick-header-meta":"","header-above-stick-meta":"","header-main-stick-meta":"","header-below-stick-meta":"","astra-migrate-meta-layouts":"default","ast-page-background-enabled":"default","ast-page-background-meta":{"desktop":{"background-color":"var(--ast-global-color-4)","background-image":"","background-repeat":"repeat","background-position":"center center","background-size":"auto","background-attachment":"scroll","background-type":"","background-media":"","overlay-type":"","overlay-color":"","overlay-opacity":"","overlay-gradient":""},"tablet":{"background-color":"","background-image":"","background-repeat":"repeat","background-position":"center center","background-size":"auto","background-attachment":"scroll","background-type":"","background-media":"","overlay-type":"","overlay-color":"","overlay-opacity":"","overlay-gradient":""},"mobile":{"background-color":"","background-image":"","background-repeat":"repeat","background-position":"center center","background-size":"auto","background-attachment":"scroll","background-type":"","background-media":"","overlay-type":"","overlay-color":"","overlay-opacity":"","overlay-gradient":""}},"ast-content-background-meta":{"desktop":{"background-color":"var(--ast-global-color-5)","background-image":"","background-repeat":"repeat","background-position":"center center","background-size":"auto","background-attachment":"scroll","background-type":"","background-media":"","overlay-type":"","overlay-color":"","overlay-opacity":"","overlay-gradient":""},"tablet":{"background-color":"var(--ast-global-color-5)","background-image":"","background-repeat":"repeat","background-position":"center center","background-size":"auto","background-attachment":"scroll","background-type":"","background-media":"","overlay-type":"","overlay-color":"","overlay-opacity":"","overlay-gradient":""},"mobile":{"background-color":"var(--ast-global-color-5)","background-image":"","background-repeat":"repeat","background-position":"center center","background-size":"auto","background-attachment":"scroll","background-type":"","background-media":"","overlay-type":"","overlay-color":"","overlay-opacity":"","overlay-gradient":""}},"footnotes":""},"class_list":["post-228","page","type-page","status-publish","hentry"],"_links":{"self":[{"href":"https:\/\/hermandadsacramentalespartinas.es\/index.php?rest_route=\/wp\/v2\/pages\/228","targetHints":{"allow":["GET"]}}],"collection":[{"href":"https:\/\/hermandadsacramentalespartinas.es\/index.php?rest_route=\/wp\/v2\/pages"}],"about":[{"href":"https:\/\/hermandadsacramentalespartinas.es\/index.php?rest_route=\/wp\/v2\/types\/page"}],"author":[{"embeddable":true,"href":"https:\/\/hermandadsacramentalespartinas.es\/index.php?rest_route=\/wp\/v2\/users\/2"}],"replies":[{"embeddable":true,"href":"https:\/\/hermandadsacramentalespartinas.es\/index.php?rest_route=%2Fwp%2Fv2%2Fcomments&post=228"}],"version-history":[{"count":4,"href":"https:\/\/hermandadsacramentalespartinas.es\/index.php?rest_route=\/wp\/v2\/pages\/228\/revisions"}],"predecessor-version":[{"id":439,"href":"https:\/\/hermandadsacramentalespartinas.es\/index.php?rest_route=\/wp\/v2\/pages\/228\/revisions\/439"}],"wp:attachment":[{"href":"https:\/\/hermandadsacramentalespartinas.es\/index.php?rest_route=%2Fwp%2Fv2%2Fmedia&parent=228"}],"curies":[{"name":"wp","href":"https:\/\/api.w.org\/{rel}","templated":true}]}}