{"id":255,"date":"2024-03-15T16:21:58","date_gmt":"2024-03-15T16:21:58","guid":{"rendered":"https:\/\/hermandadsacramentalespartinas.es\/?page_id=255"},"modified":"2024-03-16T18:56:01","modified_gmt":"2024-03-16T18:56:01","slug":"sede-canonica","status":"publish","type":"page","link":"https:\/\/hermandadsacramentalespartinas.es\/?page_id=255","title":{"rendered":"Sede Can\u00f3nica"},"content":{"rendered":"\t\t<div data-elementor-type=\"wp-page\" data-elementor-id=\"255\" class=\"elementor elementor-255\" data-elementor-post-type=\"page\">\n\t\t\t\t<div class=\"elementor-element elementor-element-91a8bbe e-flex e-con-boxed e-con e-parent\" data-id=\"91a8bbe\" data-element_type=\"container\" data-e-type=\"container\">\n\t\t\t\t\t<div class=\"e-con-inner\">\n\t\t\t\t<div class=\"elementor-element elementor-element-430dae9 elementor-widget elementor-widget-image\" data-id=\"430dae9\" data-element_type=\"widget\" data-e-type=\"widget\" data-widget_type=\"image.default\">\n\t\t\t\t<div class=\"elementor-widget-container\">\n\t\t\t\t\t\t\t\t\t\t\t\t\t\t\t\t<a href=\"https:\/\/hermandadsacramentalespartinas.es\/wp-content\/uploads\/2024\/03\/Parroquia-Ntra.-Sra.-de-la-Asuncion.jpg\" data-elementor-open-lightbox=\"yes\" data-elementor-lightbox-title=\"Parroquia Ntra. Sra. de la Asunci\u00f3n\" data-e-action-hash=\"#elementor-action%3Aaction%3Dlightbox%26settings%3DeyJpZCI6NDU5LCJ1cmwiOiJodHRwczpcL1wvaGVybWFuZGFkc2FjcmFtZW50YWxlc3BhcnRpbmFzLmVzXC93cC1jb250ZW50XC91cGxvYWRzXC8yMDI0XC8wM1wvUGFycm9xdWlhLU50cmEuLVNyYS4tZGUtbGEtQXN1bmNpb24uanBnIn0%3D\">\n\t\t\t\t\t\t\t<img fetchpriority=\"high\" decoding=\"async\" width=\"300\" height=\"208\" src=\"https:\/\/hermandadsacramentalespartinas.es\/wp-content\/uploads\/2024\/03\/Parroquia-Ntra.-Sra.-de-la-Asuncion.jpg\" class=\"attachment-large size-large wp-image-459\" alt=\"\" \/>\t\t\t\t\t\t\t\t<\/a>\n\t\t\t\t\t\t\t\t\t\t\t\t\t\t\t<\/div>\n\t\t\t\t<\/div>\n\t\t\t\t<div class=\"elementor-element elementor-element-9335d63 elementor-widget elementor-widget-text-editor\" data-id=\"9335d63\" data-element_type=\"widget\" data-e-type=\"widget\" data-widget_type=\"text-editor.default\">\n\t\t\t\t<div class=\"elementor-widget-container\">\n\t\t\t\t\t\t\t\t\t<h4><strong><em>SEDE<\/em><\/strong><\/h4><p>La <strong>iglesia de Nuestra Se\u00f1ora de la Asunci\u00f3n <\/strong>es un templo de tres naves, separadas por arcos de medio punto que descansan sobre pilares, mientras que en la cabecera se dispone la capilla mayor, flanqueada a la derecha por la capilla de la Virgen de Consolaci\u00f3n y a la izquierda por la sacrist\u00eda.<\/p><p>Adosada a la nave de la Ep\u00edstola se halla la capilla sacramental, a la que se accede por un gran arco de medio punto, y a los pies de la misma nave se sit\u00faa la capilla bautismal, de menor tama\u00f1o que la anterior.<\/p><p>Por \u00faltimo, a los pies del templo aparece el n\u00e1rtex, con espacio superior para el coro, que ocupa la mitad del espacio del primero de los arcos, y al que se accede por una escalera lateral situada en la nave del Evangelio.<\/p><p>La nave central se cubre con artesa de madera a dos aguas, a un agua en las laterales, mientras que en el crucero aparece una b\u00f3veda va\u00edda, que es de medio ca\u00f1\u00f3n en el \u00e1bside y el crucero; las capillas sacramental y bautismal se cubren con techumbre plana.<\/p><p>\u00a0De esta somera descripci\u00f3n inicial del edificio parroquial se desprende ya a primera vista una gran amalgama de elementos constructivos diversos, de \u00e9pocas y estilos diferentes, que se explican por ser el resultado de un largo y complejo proceso constructivo que se extiende desde al menos el siglo XVI hasta pr\u00e1cticamente nuestros d\u00edas.<\/p><h4><em><strong>CAMPANARIO<\/strong><\/em><\/h4><p><a href=\"https:\/\/hermandadsacramentalespartinas.es\/wp-content\/uploads\/2024\/03\/Campanario-1.jpg\"><img decoding=\"async\" class=\"alignleft wp-image-457 size-medium\" src=\"https:\/\/hermandadsacramentalespartinas.es\/wp-content\/uploads\/2024\/03\/Campanario-1-181x300.jpg\" alt=\"\" width=\"181\" height=\"300\" srcset=\"https:\/\/hermandadsacramentalespartinas.es\/wp-content\/uploads\/2024\/03\/Campanario-1-181x300.jpg 181w, https:\/\/hermandadsacramentalespartinas.es\/wp-content\/uploads\/2024\/03\/Campanario-1.jpg 290w\" sizes=\"(max-width: 181px) 100vw, 181px\" \/><\/a>Puede afirmarse que el <strong>airoso campanario <\/strong>es el elemento arquitect\u00f3nico m\u00e1s caracter\u00edstico de la iglesia parroquial, porque su considerable altura permite que se divise desde lejos, y reconocer as\u00ed el emplazamiento del templo en un entorno urbano muy abigarrado.<\/p><p><a href=\"https:\/\/hermandadsacramentalespartinas.es\/wp-content\/uploads\/2024\/03\/Campanario-2.jpg\"><img decoding=\"async\" class=\"alignright wp-image-458 size-medium\" src=\"https:\/\/hermandadsacramentalespartinas.es\/wp-content\/uploads\/2024\/03\/Campanario-2-225x300.jpg\" alt=\"\" width=\"225\" height=\"300\" srcset=\"https:\/\/hermandadsacramentalespartinas.es\/wp-content\/uploads\/2024\/03\/Campanario-2-225x300.jpg 225w, https:\/\/hermandadsacramentalespartinas.es\/wp-content\/uploads\/2024\/03\/Campanario-2-768x1024.jpg 768w, https:\/\/hermandadsacramentalespartinas.es\/wp-content\/uploads\/2024\/03\/Campanario-2-1152x1536.jpg 1152w, https:\/\/hermandadsacramentalespartinas.es\/wp-content\/uploads\/2024\/03\/Campanario-2.jpg 1536w\" sizes=\"(max-width: 225px) 100vw, 225px\" \/><\/a>Inspirada en las espada\u00f1as conventuales y colocada a eje con la antigua portada principal a los pies del edificio, que consiste en un sencillo vano de medio punto entre dos pilastrones, la torre de campanas presenta un dise\u00f1o muy cl\u00e1sico, en el que predomina una acusada verticalidad, destacando asimismo poderosamente el contraste de la policrom\u00eda de sus paramentos, con la que se le ha dotado en las \u00faltimas restauraciones, con el blanco de la cal del resto del edificio.<\/p><p>Entre los a\u00f1os 1974 y 1975 se llev\u00f3 a cabo una importante <strong>obra de restauraci\u00f3n <\/strong>en el templo parroquial, tras la oportuna autorizaci\u00f3n del cardenal Bueno Monreal, quien contribuy\u00f3 personalmente al coste de las mismas.<\/p><p>Fue entonces cuando se procedi\u00f3 a derribar el viejo coro, que databa del siglo XVIII, y posteriormente en 1992, siendo p\u00e1rroco fray Dionisio Ruiz se construy\u00f3 otro de peque\u00f1as proporciones, que ser\u00eda definitivamente ampliado en la etapa parroquial de fray Jes\u00fas Colombo, resultando un espacio con escalera lateral de acceso en la nave del Evangelio, quedando el n\u00e1rtex resultante en la parte inferior como vest\u00edbulo o entrada a la iglesia; se aprovech\u00f3 entonces para construir tambi\u00e9n el nuevo \u00f3rgano, pues el primitivo fue destruido diez a\u00f1os antes, constituyendo el actual un magn\u00edfico instrumento que pasa por ser de los mejores que existen en los templos de la comarca.<\/p><p>Por \u00faltimo, para completar nuestro recorrido por el templo, a\u00f1adiremos que, en el a\u00f1o 2004, siendo p\u00e1rroco fray Jes\u00fas Colombo, se ha colocado un <strong>nuevo z\u00f3calo de m\u00e1rmol rojo <\/strong>que recorre todo el interior del templo, a excepci\u00f3n de las capillas sacramental y bautismal.<\/p><p>Nuestra Hermandad celebra aqu\u00ed todos los cultos establecidos en nuestras reglas, asi como todas las misas del mes y actos durante el a\u00f1o.<\/p>\t\t\t\t\t\t\t\t<\/div>\n\t\t\t\t<\/div>\n\t\t\t\t\t<\/div>\n\t\t\t\t<\/div>\n\t\t\t\t<\/div>\n\t\t","protected":false},"excerpt":{"rendered":"<p>SEDE La iglesia de Nuestra Se\u00f1ora de la Asunci\u00f3n es un templo de tres naves, separadas por arcos de medio punto que descansan sobre pilares, mientras que en la cabecera se dispone la capilla mayor, flanqueada a la derecha por la capilla de la Virgen de Consolaci\u00f3n y a la izquierda por la sacrist\u00eda. Adosada [&hellip;]<\/p>\n","protected":false},"author":2,"featured_media":0,"parent":0,"menu_order":0,"comment_status":"closed","ping_status":"closed","template":"","meta":{"site-sidebar-layout":"default","site-content-layout":"","ast-site-content-layout":"default","site-content-style":"default","site-sidebar-style":"default","ast-global-header-display":"","ast-banner-title-visibility":"","ast-main-header-display":"","ast-hfb-above-header-display":"","ast-hfb-below-header-display":"","ast-hfb-mobile-header-display":"","site-post-title":"","ast-breadcrumbs-content":"","ast-featured-img":"","footer-sml-layout":"","ast-disable-related-posts":"","theme-transparent-header-meta":"","adv-header-id-meta":"","stick-header-meta":"","header-above-stick-meta":"","header-main-stick-meta":"","header-below-stick-meta":"","astra-migrate-meta-layouts":"default","ast-page-background-enabled":"default","ast-page-background-meta":{"desktop":{"background-color":"var(--ast-global-color-4)","background-image":"","background-repeat":"repeat","background-position":"center center","background-size":"auto","background-attachment":"scroll","background-type":"","background-media":"","overlay-type":"","overlay-color":"","overlay-opacity":"","overlay-gradient":""},"tablet":{"background-color":"","background-image":"","background-repeat":"repeat","background-position":"center center","background-size":"auto","background-attachment":"scroll","background-type":"","background-media":"","overlay-type":"","overlay-color":"","overlay-opacity":"","overlay-gradient":""},"mobile":{"background-color":"","background-image":"","background-repeat":"repeat","background-position":"center center","background-size":"auto","background-attachment":"scroll","background-type":"","background-media":"","overlay-type":"","overlay-color":"","overlay-opacity":"","overlay-gradient":""}},"ast-content-background-meta":{"desktop":{"background-color":"var(--ast-global-color-5)","background-image":"","background-repeat":"repeat","background-position":"center center","background-size":"auto","background-attachment":"scroll","background-type":"","background-media":"","overlay-type":"","overlay-color":"","overlay-opacity":"","overlay-gradient":""},"tablet":{"background-color":"var(--ast-global-color-5)","background-image":"","background-repeat":"repeat","background-position":"center center","background-size":"auto","background-attachment":"scroll","background-type":"","background-media":"","overlay-type":"","overlay-color":"","overlay-opacity":"","overlay-gradient":""},"mobile":{"background-color":"var(--ast-global-color-5)","background-image":"","background-repeat":"repeat","background-position":"center center","background-size":"auto","background-attachment":"scroll","background-type":"","background-media":"","overlay-type":"","overlay-color":"","overlay-opacity":"","overlay-gradient":""}},"footnotes":""},"class_list":["post-255","page","type-page","status-publish","hentry"],"_links":{"self":[{"href":"https:\/\/hermandadsacramentalespartinas.es\/index.php?rest_route=\/wp\/v2\/pages\/255","targetHints":{"allow":["GET"]}}],"collection":[{"href":"https:\/\/hermandadsacramentalespartinas.es\/index.php?rest_route=\/wp\/v2\/pages"}],"about":[{"href":"https:\/\/hermandadsacramentalespartinas.es\/index.php?rest_route=\/wp\/v2\/types\/page"}],"author":[{"embeddable":true,"href":"https:\/\/hermandadsacramentalespartinas.es\/index.php?rest_route=\/wp\/v2\/users\/2"}],"replies":[{"embeddable":true,"href":"https:\/\/hermandadsacramentalespartinas.es\/index.php?rest_route=%2Fwp%2Fv2%2Fcomments&post=255"}],"version-history":[{"count":7,"href":"https:\/\/hermandadsacramentalespartinas.es\/index.php?rest_route=\/wp\/v2\/pages\/255\/revisions"}],"predecessor-version":[{"id":465,"href":"https:\/\/hermandadsacramentalespartinas.es\/index.php?rest_route=\/wp\/v2\/pages\/255\/revisions\/465"}],"wp:attachment":[{"href":"https:\/\/hermandadsacramentalespartinas.es\/index.php?rest_route=%2Fwp%2Fv2%2Fmedia&parent=255"}],"curies":[{"name":"wp","href":"https:\/\/api.w.org\/{rel}","templated":true}]}}