{"id":295,"date":"2024-03-15T16:56:54","date_gmt":"2024-03-15T16:56:54","guid":{"rendered":"https:\/\/hermandadsacramentalespartinas.es\/?page_id=295"},"modified":"2024-03-15T17:05:13","modified_gmt":"2024-03-15T17:05:13","slug":"paso-de-la-santisima-virgen","status":"publish","type":"page","link":"https:\/\/hermandadsacramentalespartinas.es\/?page_id=295","title":{"rendered":"Paso de la Sant\u00edsima Virgen"},"content":{"rendered":"\t\t<div data-elementor-type=\"wp-page\" data-elementor-id=\"295\" class=\"elementor elementor-295\" data-elementor-post-type=\"page\">\n\t\t\t\t<div class=\"elementor-element elementor-element-d586a7a e-flex e-con-boxed e-con e-parent\" data-id=\"d586a7a\" data-element_type=\"container\" data-e-type=\"container\">\n\t\t\t\t\t<div class=\"e-con-inner\">\n\t\t\t\t<div class=\"elementor-element elementor-element-b6a40f9 elementor-widget elementor-widget-image\" data-id=\"b6a40f9\" data-element_type=\"widget\" data-e-type=\"widget\" data-widget_type=\"image.default\">\n\t\t\t\t<div class=\"elementor-widget-container\">\n\t\t\t\t\t\t\t\t\t\t\t\t\t\t\t<img fetchpriority=\"high\" decoding=\"async\" width=\"768\" height=\"1024\" src=\"https:\/\/hermandadsacramentalespartinas.es\/wp-content\/uploads\/2024\/03\/Paso-Santisima-Virgen-3-768x1024.jpg\" class=\"attachment-large size-large wp-image-302\" alt=\"\" srcset=\"https:\/\/hermandadsacramentalespartinas.es\/wp-content\/uploads\/2024\/03\/Paso-Santisima-Virgen-3-768x1024.jpg 768w, https:\/\/hermandadsacramentalespartinas.es\/wp-content\/uploads\/2024\/03\/Paso-Santisima-Virgen-3-225x300.jpg 225w, https:\/\/hermandadsacramentalespartinas.es\/wp-content\/uploads\/2024\/03\/Paso-Santisima-Virgen-3-1152x1536.jpg 1152w, https:\/\/hermandadsacramentalespartinas.es\/wp-content\/uploads\/2024\/03\/Paso-Santisima-Virgen-3.jpg 1440w\" sizes=\"(max-width: 768px) 100vw, 768px\" \/>\t\t\t\t\t\t\t\t\t\t\t\t\t\t\t<\/div>\n\t\t\t\t<\/div>\n\t\t\t\t<div class=\"elementor-element elementor-element-d15cfc9 elementor-widget elementor-widget-text-editor\" data-id=\"d15cfc9\" data-element_type=\"widget\" data-e-type=\"widget\" data-widget_type=\"text-editor.default\">\n\t\t\t\t<div class=\"elementor-widget-container\">\n\t\t\t\t\t\t\t\t\t<p>La Sant\u00edsima Virgen de los Dolores ha contado con varios <em>pasos<\/em> a lo largo de la historia, el primero fue realizado por D. Antonio de la Rosa Delgado, hermano de la hermandad. Este <em>paso<\/em> ten\u00eda trabajaderas para 24 costaleros, puesto que las dimensiones de la puerta de salida no eran suficientes para poder salir con un <em>paso<\/em> de mayores envergaduras.<\/p><p>Este <em>paso<\/em> contaba con los respiraderos en madera, los candelabros donados por la parroquia y los varales, casi totalmente lisos a excepci\u00f3n de las macollas y las perillas que remataban el varal fueron realizados en los talleres de Villareal ubicados en la Calle Alfarer\u00eda (Triana). Adem\u00e1s, contaba con los faldones y bambalinas de terciopelo negro que a\u00fan podemos ver en algunos altares de culto.<\/p><p>El segundo <em>paso<\/em>, fue realizado gracias a la construcci\u00f3n de una nueva puerta en la iglesia, por lo que la junta de entonces decidi\u00f3 realizar un <em>paso<\/em> nuevo de mayores dimensiones y realizar una peana, candelabros y respiraderos repujados pertenecientes ya a la hermandad, estos candelabros fueron posibles gracias nuevamente a la donaci\u00f3n de todos los hermanos y debido a ello en cada candelabro y en la peana est\u00e1 inscrito el nombre de cada persona que lo don\u00f3. A este palio se le establecieron bambalinas de terciopelo azul oscuro y faldones de terciopelo negro.<\/p><p>Finalmente, al tercer y actual <em>paso<\/em> se le a\u00f1adi\u00f3 el repujado de los valares por el taller de Villareal y el bordado del techo del palio y bambalinas todo ello bordado en oro sobre malla de bolillos y terciopelo de lyon negro por los talleres de Benjam\u00edn P\u00e9rez en Bollullos de la Mitaci\u00f3n.<\/p>\t\t\t\t\t\t\t\t<\/div>\n\t\t\t\t<\/div>\n\t\t\t\t<div class=\"elementor-element elementor-element-da33b4f elementor-widget elementor-widget-gallery\" data-id=\"da33b4f\" data-element_type=\"widget\" data-e-type=\"widget\" data-settings=\"{&quot;columns&quot;:3,&quot;lazyload&quot;:&quot;yes&quot;,&quot;gallery_layout&quot;:&quot;grid&quot;,&quot;columns_tablet&quot;:2,&quot;columns_mobile&quot;:1,&quot;gap&quot;:{&quot;unit&quot;:&quot;px&quot;,&quot;size&quot;:10,&quot;sizes&quot;:[]},&quot;gap_tablet&quot;:{&quot;unit&quot;:&quot;px&quot;,&quot;size&quot;:10,&quot;sizes&quot;:[]},&quot;gap_mobile&quot;:{&quot;unit&quot;:&quot;px&quot;,&quot;size&quot;:10,&quot;sizes&quot;:[]},&quot;link_to&quot;:&quot;file&quot;,&quot;aspect_ratio&quot;:&quot;3:2&quot;,&quot;overlay_background&quot;:&quot;yes&quot;,&quot;content_hover_animation&quot;:&quot;fade-in&quot;}\" data-widget_type=\"gallery.default\">\n\t\t\t\t<div class=\"elementor-widget-container\">\n\t\t\t\t\t\t\t<div class=\"elementor-gallery__container\">\n\t\t\t\t\t\t\t<a class=\"e-gallery-item elementor-gallery-item elementor-animated-content\" href=\"https:\/\/hermandadsacramentalespartinas.es\/wp-content\/uploads\/2024\/03\/Paso-Santisima-Virgen-7.jpg\" data-elementor-open-lightbox=\"yes\" data-elementor-lightbox-slideshow=\"da33b4f\" data-elementor-lightbox-title=\"Paso Sant\u00edsima Virgen 7\" data-e-action-hash=\"#elementor-action%3Aaction%3Dlightbox%26settings%3DeyJpZCI6MzA2LCJ1cmwiOiJodHRwczpcL1wvaGVybWFuZGFkc2FjcmFtZW50YWxlc3BhcnRpbmFzLmVzXC93cC1jb250ZW50XC91cGxvYWRzXC8yMDI0XC8wM1wvUGFzby1TYW50aXNpbWEtVmlyZ2VuLTcuanBnIiwic2xpZGVzaG93IjoiZGEzM2I0ZiJ9\">\n\t\t\t\t\t<div class=\"e-gallery-image elementor-gallery-item__image\" data-thumbnail=\"https:\/\/hermandadsacramentalespartinas.es\/wp-content\/uploads\/2024\/03\/Paso-Santisima-Virgen-7-225x300.jpg\" data-width=\"225\" data-height=\"300\" aria-label=\"\" role=\"img\" ><\/div>\n\t\t\t\t\t\t\t\t\t\t\t<div class=\"elementor-gallery-item__overlay\"><\/div>\n\t\t\t\t\t\t\t\t\t\t\t\t\t\t<\/a>\n\t\t\t\t\t\t\t<a class=\"e-gallery-item elementor-gallery-item elementor-animated-content\" href=\"https:\/\/hermandadsacramentalespartinas.es\/wp-content\/uploads\/2024\/03\/Paso-Santisima-Virgen-6.jpg\" data-elementor-open-lightbox=\"yes\" data-elementor-lightbox-slideshow=\"da33b4f\" data-elementor-lightbox-title=\"Paso Sant\u00edsima Virgen 6\" data-e-action-hash=\"#elementor-action%3Aaction%3Dlightbox%26settings%3DeyJpZCI6MzA1LCJ1cmwiOiJodHRwczpcL1wvaGVybWFuZGFkc2FjcmFtZW50YWxlc3BhcnRpbmFzLmVzXC93cC1jb250ZW50XC91cGxvYWRzXC8yMDI0XC8wM1wvUGFzby1TYW50aXNpbWEtVmlyZ2VuLTYuanBnIiwic2xpZGVzaG93IjoiZGEzM2I0ZiJ9\">\n\t\t\t\t\t<div class=\"e-gallery-image elementor-gallery-item__image\" data-thumbnail=\"https:\/\/hermandadsacramentalespartinas.es\/wp-content\/uploads\/2024\/03\/Paso-Santisima-Virgen-6-235x300.jpg\" data-width=\"235\" data-height=\"300\" aria-label=\"\" role=\"img\" ><\/div>\n\t\t\t\t\t\t\t\t\t\t\t<div class=\"elementor-gallery-item__overlay\"><\/div>\n\t\t\t\t\t\t\t\t\t\t\t\t\t\t<\/a>\n\t\t\t\t\t\t\t<a class=\"e-gallery-item elementor-gallery-item elementor-animated-content\" href=\"https:\/\/hermandadsacramentalespartinas.es\/wp-content\/uploads\/2024\/03\/Paso-Santisima-Virgen-5.jpg\" data-elementor-open-lightbox=\"yes\" data-elementor-lightbox-slideshow=\"da33b4f\" data-elementor-lightbox-title=\"Paso Sant\u00edsima Virgen 5\" data-e-action-hash=\"#elementor-action%3Aaction%3Dlightbox%26settings%3DeyJpZCI6MzA0LCJ1cmwiOiJodHRwczpcL1wvaGVybWFuZGFkc2FjcmFtZW50YWxlc3BhcnRpbmFzLmVzXC93cC1jb250ZW50XC91cGxvYWRzXC8yMDI0XC8wM1wvUGFzby1TYW50aXNpbWEtVmlyZ2VuLTUuanBnIiwic2xpZGVzaG93IjoiZGEzM2I0ZiJ9\">\n\t\t\t\t\t<div class=\"e-gallery-image elementor-gallery-item__image\" data-thumbnail=\"https:\/\/hermandadsacramentalespartinas.es\/wp-content\/uploads\/2024\/03\/Paso-Santisima-Virgen-5-236x300.jpg\" data-width=\"236\" data-height=\"300\" aria-label=\"\" role=\"img\" ><\/div>\n\t\t\t\t\t\t\t\t\t\t\t<div class=\"elementor-gallery-item__overlay\"><\/div>\n\t\t\t\t\t\t\t\t\t\t\t\t\t\t<\/a>\n\t\t\t\t\t\t\t<a class=\"e-gallery-item elementor-gallery-item elementor-animated-content\" href=\"https:\/\/hermandadsacramentalespartinas.es\/wp-content\/uploads\/2024\/03\/Paso-Santisima-Virgen-4.jpg\" data-elementor-open-lightbox=\"yes\" data-elementor-lightbox-slideshow=\"da33b4f\" data-elementor-lightbox-title=\"Paso Sant\u00edsima Virgen 4\" data-e-action-hash=\"#elementor-action%3Aaction%3Dlightbox%26settings%3DeyJpZCI6MzAzLCJ1cmwiOiJodHRwczpcL1wvaGVybWFuZGFkc2FjcmFtZW50YWxlc3BhcnRpbmFzLmVzXC93cC1jb250ZW50XC91cGxvYWRzXC8yMDI0XC8wM1wvUGFzby1TYW50aXNpbWEtVmlyZ2VuLTQuanBnIiwic2xpZGVzaG93IjoiZGEzM2I0ZiJ9\">\n\t\t\t\t\t<div class=\"e-gallery-image elementor-gallery-item__image\" data-thumbnail=\"https:\/\/hermandadsacramentalespartinas.es\/wp-content\/uploads\/2024\/03\/Paso-Santisima-Virgen-4-169x300.jpg\" data-width=\"169\" data-height=\"300\" aria-label=\"\" role=\"img\" ><\/div>\n\t\t\t\t\t\t\t\t\t\t\t<div class=\"elementor-gallery-item__overlay\"><\/div>\n\t\t\t\t\t\t\t\t\t\t\t\t\t\t<\/a>\n\t\t\t\t\t\t\t<a class=\"e-gallery-item elementor-gallery-item elementor-animated-content\" href=\"https:\/\/hermandadsacramentalespartinas.es\/wp-content\/uploads\/2024\/03\/Paso-Santisima-Virgen-2.jpg\" data-elementor-open-lightbox=\"yes\" data-elementor-lightbox-slideshow=\"da33b4f\" data-elementor-lightbox-title=\"Paso Sant\u00edsima Virgen 2\" data-e-action-hash=\"#elementor-action%3Aaction%3Dlightbox%26settings%3DeyJpZCI6MzAxLCJ1cmwiOiJodHRwczpcL1wvaGVybWFuZGFkc2FjcmFtZW50YWxlc3BhcnRpbmFzLmVzXC93cC1jb250ZW50XC91cGxvYWRzXC8yMDI0XC8wM1wvUGFzby1TYW50aXNpbWEtVmlyZ2VuLTIuanBnIiwic2xpZGVzaG93IjoiZGEzM2I0ZiJ9\">\n\t\t\t\t\t<div class=\"e-gallery-image elementor-gallery-item__image\" data-thumbnail=\"https:\/\/hermandadsacramentalespartinas.es\/wp-content\/uploads\/2024\/03\/Paso-Santisima-Virgen-2-225x300.jpg\" data-width=\"225\" data-height=\"300\" aria-label=\"\" role=\"img\" ><\/div>\n\t\t\t\t\t\t\t\t\t\t\t<div class=\"elementor-gallery-item__overlay\"><\/div>\n\t\t\t\t\t\t\t\t\t\t\t\t\t\t<\/a>\n\t\t\t\t\t\t\t<a class=\"e-gallery-item elementor-gallery-item elementor-animated-content\" href=\"https:\/\/hermandadsacramentalespartinas.es\/wp-content\/uploads\/2024\/03\/Paso-Santisima-Virgen-1.jpg\" data-elementor-open-lightbox=\"yes\" data-elementor-lightbox-slideshow=\"da33b4f\" data-elementor-lightbox-title=\"Paso Sant\u00edsima Virgen 1\" data-e-action-hash=\"#elementor-action%3Aaction%3Dlightbox%26settings%3DeyJpZCI6MzAwLCJ1cmwiOiJodHRwczpcL1wvaGVybWFuZGFkc2FjcmFtZW50YWxlc3BhcnRpbmFzLmVzXC93cC1jb250ZW50XC91cGxvYWRzXC8yMDI0XC8wM1wvUGFzby1TYW50aXNpbWEtVmlyZ2VuLTEuanBnIiwic2xpZGVzaG93IjoiZGEzM2I0ZiJ9\">\n\t\t\t\t\t<div class=\"e-gallery-image elementor-gallery-item__image\" data-thumbnail=\"https:\/\/hermandadsacramentalespartinas.es\/wp-content\/uploads\/2024\/03\/Paso-Santisima-Virgen-1-169x300.jpg\" data-width=\"169\" data-height=\"300\" aria-label=\"\" role=\"img\" ><\/div>\n\t\t\t\t\t\t\t\t\t\t\t<div class=\"elementor-gallery-item__overlay\"><\/div>\n\t\t\t\t\t\t\t\t\t\t\t\t\t\t<\/a>\n\t\t\t\t\t<\/div>\n\t\t\t\t\t<\/div>\n\t\t\t\t<\/div>\n\t\t\t\t\t<\/div>\n\t\t\t\t<\/div>\n\t\t\t\t<\/div>\n\t\t","protected":false},"excerpt":{"rendered":"<p>La Sant\u00edsima Virgen de los Dolores ha contado con varios pasos a lo largo de la historia, el primero fue realizado por D. Antonio de la Rosa Delgado, hermano de la hermandad. Este paso ten\u00eda trabajaderas para 24 costaleros, puesto que las dimensiones de la puerta de salida no eran suficientes para poder salir con [&hellip;]<\/p>\n","protected":false},"author":2,"featured_media":0,"parent":0,"menu_order":0,"comment_status":"closed","ping_status":"closed","template":"","meta":{"site-sidebar-layout":"default","site-content-layout":"","ast-site-content-layout":"default","site-content-style":"default","site-sidebar-style":"default","ast-global-header-display":"","ast-banner-title-visibility":"","ast-main-header-display":"","ast-hfb-above-header-display":"","ast-hfb-below-header-display":"","ast-hfb-mobile-header-display":"","site-post-title":"","ast-breadcrumbs-content":"","ast-featured-img":"","footer-sml-layout":"","ast-disable-related-posts":"","theme-transparent-header-meta":"","adv-header-id-meta":"","stick-header-meta":"","header-above-stick-meta":"","header-main-stick-meta":"","header-below-stick-meta":"","astra-migrate-meta-layouts":"default","ast-page-background-enabled":"default","ast-page-background-meta":{"desktop":{"background-color":"var(--ast-global-color-4)","background-image":"","background-repeat":"repeat","background-position":"center center","background-size":"auto","background-attachment":"scroll","background-type":"","background-media":"","overlay-type":"","overlay-color":"","overlay-opacity":"","overlay-gradient":""},"tablet":{"background-color":"","background-image":"","background-repeat":"repeat","background-position":"center center","background-size":"auto","background-attachment":"scroll","background-type":"","background-media":"","overlay-type":"","overlay-color":"","overlay-opacity":"","overlay-gradient":""},"mobile":{"background-color":"","background-image":"","background-repeat":"repeat","background-position":"center center","background-size":"auto","background-attachment":"scroll","background-type":"","background-media":"","overlay-type":"","overlay-color":"","overlay-opacity":"","overlay-gradient":""}},"ast-content-background-meta":{"desktop":{"background-color":"var(--ast-global-color-5)","background-image":"","background-repeat":"repeat","background-position":"center center","background-size":"auto","background-attachment":"scroll","background-type":"","background-media":"","overlay-type":"","overlay-color":"","overlay-opacity":"","overlay-gradient":""},"tablet":{"background-color":"var(--ast-global-color-5)","background-image":"","background-repeat":"repeat","background-position":"center center","background-size":"auto","background-attachment":"scroll","background-type":"","background-media":"","overlay-type":"","overlay-color":"","overlay-opacity":"","overlay-gradient":""},"mobile":{"background-color":"var(--ast-global-color-5)","background-image":"","background-repeat":"repeat","background-position":"center center","background-size":"auto","background-attachment":"scroll","background-type":"","background-media":"","overlay-type":"","overlay-color":"","overlay-opacity":"","overlay-gradient":""}},"footnotes":""},"class_list":["post-295","page","type-page","status-publish","hentry"],"_links":{"self":[{"href":"https:\/\/hermandadsacramentalespartinas.es\/index.php?rest_route=\/wp\/v2\/pages\/295","targetHints":{"allow":["GET"]}}],"collection":[{"href":"https:\/\/hermandadsacramentalespartinas.es\/index.php?rest_route=\/wp\/v2\/pages"}],"about":[{"href":"https:\/\/hermandadsacramentalespartinas.es\/index.php?rest_route=\/wp\/v2\/types\/page"}],"author":[{"embeddable":true,"href":"https:\/\/hermandadsacramentalespartinas.es\/index.php?rest_route=\/wp\/v2\/users\/2"}],"replies":[{"embeddable":true,"href":"https:\/\/hermandadsacramentalespartinas.es\/index.php?rest_route=%2Fwp%2Fv2%2Fcomments&post=295"}],"version-history":[{"count":7,"href":"https:\/\/hermandadsacramentalespartinas.es\/index.php?rest_route=\/wp\/v2\/pages\/295\/revisions"}],"predecessor-version":[{"id":313,"href":"https:\/\/hermandadsacramentalespartinas.es\/index.php?rest_route=\/wp\/v2\/pages\/295\/revisions\/313"}],"wp:attachment":[{"href":"https:\/\/hermandadsacramentalespartinas.es\/index.php?rest_route=%2Fwp%2Fv2%2Fmedia&parent=295"}],"curies":[{"name":"wp","href":"https:\/\/api.w.org\/{rel}","templated":true}]}}