{"id":338,"date":"2024-03-15T18:10:32","date_gmt":"2024-03-15T18:10:32","guid":{"rendered":"https:\/\/hermandadsacramentalespartinas.es\/?page_id=338"},"modified":"2024-03-16T18:58:17","modified_gmt":"2024-03-16T18:58:17","slug":"atencion-al-hermano","status":"publish","type":"page","link":"https:\/\/hermandadsacramentalespartinas.es\/?page_id=338","title":{"rendered":"Atenci\u00f3n al hermano"},"content":{"rendered":"\t\t<div data-elementor-type=\"wp-page\" data-elementor-id=\"338\" class=\"elementor elementor-338\" data-elementor-post-type=\"page\">\n\t\t\t\t<div class=\"elementor-element elementor-element-7fb492f e-flex e-con-boxed e-con e-parent\" data-id=\"7fb492f\" data-element_type=\"container\" data-e-type=\"container\">\n\t\t\t\t\t<div class=\"e-con-inner\">\n\t\t\t\t<div class=\"elementor-element elementor-element-8098e11 elementor-widget elementor-widget-text-editor\" data-id=\"8098e11\" data-element_type=\"widget\" data-e-type=\"widget\" data-widget_type=\"text-editor.default\">\n\t\t\t\t<div class=\"elementor-widget-container\">\n\t\t\t\t\t\t\t\t\t<p><strong>HORARIO DE ATENCI\u00d3N:\u00a0<\/strong><\/p><p>Todos los Martes de 19:00 a 21:00 o bien llamando o escribiendo un Whatsapp al numero de telefono de la hermandad +34 681 96 67 61<\/p><p><strong>ACTUALIZACI\u00d3N DE DATOS: <\/strong>Es importante la actualizaci\u00f3n de <strong>datos personales, de pago o de contacto <\/strong>en nuestra base de datos para lograr una mejor comunicaci\u00f3n entre los hermanos y la Hermandad.<\/p><p>Cuando cambies de domicilio, de n\u00famero de cuenta bancaria u otro, pers\u00f3nate en nuestra Casa de Hermandad cualquier Martes <strong>en horario de 19:00 a 21:00h <\/strong>para comunicarlo en Secretar\u00eda, o env\u00edanoslo a trav\u00e9s de este correo electr\u00f3nico: <a href=\"mailto:sacramentalespartinas@gmail.com\"><strong>sacramentalespartinas@gmail.com<\/strong><\/a><strong>.<\/strong><\/p><p>Recibir\u00e1s una respuesta en cuanto ejecutemos la modificaci\u00f3n solicitada.<\/p><ul><li style=\"list-style-type: none;\">\u00a0<\/li><\/ul>\t\t\t\t\t\t\t\t<\/div>\n\t\t\t\t<\/div>\n\t\t\t\t\t<\/div>\n\t\t\t\t<\/div>\n\t\t\t\t<\/div>\n\t\t","protected":false},"excerpt":{"rendered":"<p>HORARIO DE ATENCI\u00d3N:\u00a0 Todos los Martes de 19:00 a 21:00 o bien llamando o escribiendo un Whatsapp al numero de telefono de la hermandad +34 681 96 67 61 ACTUALIZACI\u00d3N DE DATOS: Es importante la actualizaci\u00f3n de datos personales, de pago o de contacto en nuestra base de datos para lograr una mejor comunicaci\u00f3n entre [&hellip;]<\/p>\n","protected":false},"author":2,"featured_media":0,"parent":0,"menu_order":0,"comment_status":"closed","ping_status":"closed","template":"","meta":{"site-sidebar-layout":"default","site-content-layout":"","ast-site-content-layout":"default","site-content-style":"default","site-sidebar-style":"default","ast-global-header-display":"","ast-banner-title-visibility":"","ast-main-header-display":"","ast-hfb-above-header-display":"","ast-hfb-below-header-display":"","ast-hfb-mobile-header-display":"","site-post-title":"","ast-breadcrumbs-content":"","ast-featured-img":"","footer-sml-layout":"","ast-disable-related-posts":"","theme-transparent-header-meta":"","adv-header-id-meta":"","stick-header-meta":"","header-above-stick-meta":"","header-main-stick-meta":"","header-below-stick-meta":"","astra-migrate-meta-layouts":"default","ast-page-background-enabled":"default","ast-page-background-meta":{"desktop":{"background-color":"var(--ast-global-color-4)","background-image":"","background-repeat":"repeat","background-position":"center center","background-size":"auto","background-attachment":"scroll","background-type":"","background-media":"","overlay-type":"","overlay-color":"","overlay-opacity":"","overlay-gradient":""},"tablet":{"background-color":"","background-image":"","background-repeat":"repeat","background-position":"center center","background-size":"auto","background-attachment":"scroll","background-type":"","background-media":"","overlay-type":"","overlay-color":"","overlay-opacity":"","overlay-gradient":""},"mobile":{"background-color":"","background-image":"","background-repeat":"repeat","background-position":"center center","background-size":"auto","background-attachment":"scroll","background-type":"","background-media":"","overlay-type":"","overlay-color":"","overlay-opacity":"","overlay-gradient":""}},"ast-content-background-meta":{"desktop":{"background-color":"var(--ast-global-color-5)","background-image":"","background-repeat":"repeat","background-position":"center center","background-size":"auto","background-attachment":"scroll","background-type":"","background-media":"","overlay-type":"","overlay-color":"","overlay-opacity":"","overlay-gradient":""},"tablet":{"background-color":"var(--ast-global-color-5)","background-image":"","background-repeat":"repeat","background-position":"center center","background-size":"auto","background-attachment":"scroll","background-type":"","background-media":"","overlay-type":"","overlay-color":"","overlay-opacity":"","overlay-gradient":""},"mobile":{"background-color":"var(--ast-global-color-5)","background-image":"","background-repeat":"repeat","background-position":"center center","background-size":"auto","background-attachment":"scroll","background-type":"","background-media":"","overlay-type":"","overlay-color":"","overlay-opacity":"","overlay-gradient":""}},"footnotes":""},"class_list":["post-338","page","type-page","status-publish","hentry"],"_links":{"self":[{"href":"https:\/\/hermandadsacramentalespartinas.es\/index.php?rest_route=\/wp\/v2\/pages\/338","targetHints":{"allow":["GET"]}}],"collection":[{"href":"https:\/\/hermandadsacramentalespartinas.es\/index.php?rest_route=\/wp\/v2\/pages"}],"about":[{"href":"https:\/\/hermandadsacramentalespartinas.es\/index.php?rest_route=\/wp\/v2\/types\/page"}],"author":[{"embeddable":true,"href":"https:\/\/hermandadsacramentalespartinas.es\/index.php?rest_route=\/wp\/v2\/users\/2"}],"replies":[{"embeddable":true,"href":"https:\/\/hermandadsacramentalespartinas.es\/index.php?rest_route=%2Fwp%2Fv2%2Fcomments&post=338"}],"version-history":[{"count":10,"href":"https:\/\/hermandadsacramentalespartinas.es\/index.php?rest_route=\/wp\/v2\/pages\/338\/revisions"}],"predecessor-version":[{"id":468,"href":"https:\/\/hermandadsacramentalespartinas.es\/index.php?rest_route=\/wp\/v2\/pages\/338\/revisions\/468"}],"wp:attachment":[{"href":"https:\/\/hermandadsacramentalespartinas.es\/index.php?rest_route=%2Fwp%2Fv2%2Fmedia&parent=338"}],"curies":[{"name":"wp","href":"https:\/\/api.w.org\/{rel}","templated":true}]}}